{"id":1811,"date":"2025-01-19T21:47:27","date_gmt":"2025-01-19T19:47:27","guid":{"rendered":"https:\/\/mementoqr.eu\/?page_id=1811"},"modified":"2025-05-22T22:23:30","modified_gmt":"2025-05-22T20:23:30","slug":"demo1","status":"publish","type":"page","link":"https:\/\/mementoqr.eu\/hu\/demo1\/","title":{"rendered":"Demo &#8211; Pillanat"},"content":{"rendered":"\t\t<div data-elementor-type=\"wp-page\" data-elementor-id=\"1811\" class=\"elementor elementor-1811\" data-elementor-settings=\"{&quot;ha_cmc_init_switcher&quot;:&quot;no&quot;}\" data-elementor-post-type=\"page\">\n\t\t\t\t<div class=\"elementor-element elementor-element-ab5b642 e-con-full e-flex e-con e-parent\" data-id=\"ab5b642\" data-element_type=\"container\" data-settings=\"{&quot;background_background&quot;:&quot;classic&quot;,&quot;_ha_eqh_enable&quot;:false}\">\n\t\t<div class=\"elementor-element elementor-element-a4615e2 e-con-full e-flex e-con e-child\" data-id=\"a4615e2\" data-element_type=\"container\" data-settings=\"{&quot;background_background&quot;:&quot;classic&quot;,&quot;position&quot;:&quot;absolute&quot;,&quot;_ha_eqh_enable&quot;:false}\">\n\t\t\t\t<div class=\"elementor-element elementor-element-f0b7564 elementor-widget elementor-widget-heading\" data-id=\"f0b7564\" data-element_type=\"widget\" data-widget_type=\"heading.default\">\n\t\t\t\t<div class=\"elementor-widget-container\">\n\t\t\t\t\t<h2 class=\"elementor-heading-title elementor-size-default\">Alessandro Morellini<br>1943 - 2022<\/h2>\t\t\t\t<\/div>\n\t\t\t\t<\/div>\n\t\t\t\t<\/div>\n\t\t\t\t<\/div>\n\t\t<div class=\"elementor-element elementor-element-0fe04f5 e-con-full e-flex e-con e-parent\" data-id=\"0fe04f5\" data-element_type=\"container\" data-settings=\"{&quot;background_background&quot;:&quot;classic&quot;,&quot;_ha_eqh_enable&quot;:false}\">\n\t\t\t\t<div class=\"elementor-element elementor-element-dd62a69 elementor-widget elementor-widget-spacer\" data-id=\"dd62a69\" data-element_type=\"widget\" data-widget_type=\"spacer.default\">\n\t\t\t\t<div class=\"elementor-widget-container\">\n\t\t\t\t\t\t\t<div class=\"elementor-spacer\">\n\t\t\t<div class=\"elementor-spacer-inner\"><\/div>\n\t\t<\/div>\n\t\t\t\t\t\t<\/div>\n\t\t\t\t<\/div>\n\t\t\t\t<div class=\"elementor-element elementor-element-1990e1b elementor-widget__width-initial elementor-widget elementor-widget-text-editor\" data-id=\"1990e1b\" data-element_type=\"widget\" data-widget_type=\"text-editor.default\">\n\t\t\t\t<div class=\"elementor-widget-container\">\n\t\t\t\t\t\t\t\t\t<p data-start=\"385\" data-end=\"672\"><strong data-start=\"385\" data-end=\"409\">Alessandro<\/strong>\u00a01943 tavasz\u00e1n sz\u00fcletett Olaszorsz\u00e1gban, egy kis faluban Firenze k\u00f6zel\u00e9ben. Egy dolgos, szer\u00e9ny csal\u00e1dban n\u0151tt fel, ahol a k\u00e9z\u00fcgyess\u00e9g \u00e9s a t\u00fcrelem term\u00e9szetes r\u00e9sze volt az \u00e9letnek. M\u00e1r eg\u00e9szen fiatalon k\u00f6zel ker\u00fclt a f\u00e1hoz \u2013 el\u0151sz\u00f6r j\u00e1t\u00e9kb\u00f3l, k\u00e9s\u0151bb hivat\u00e1sb\u00f3l.<\/p><p data-start=\"674\" data-end=\"911\">Tizen\u00e9vesen asztalosnak tanult, \u00e9s hamar megmutatkozott tehets\u00e9ge: minden munk\u00e1j\u00e1ban ott volt a gondoss\u00e1g, az egyszer\u0171s\u00e9g sz\u00e9ps\u00e9ge, \u00e9s a haszn\u00e1lhat\u00f3s\u00e1g tisztelete. Nem akart k\u00fcl\u00f6nlegeset alkotni \u2013 csak olyat, ami ki\u00e1llja az id\u0151 pr\u00f3b\u00e1j\u00e1t.<\/p><p data-start=\"913\" data-end=\"1089\">Egy balatoni nyaral\u00e1s sor\u00e1n ismerkedett meg <strong data-start=\"957\" data-end=\"972\">Magdoln\u00e1val<\/strong>, akiben nemcsak t\u00e1rsat, hanem \u00faj otthont is tal\u00e1lt. 1970-ben Magyarorsz\u00e1gra k\u00f6lt\u00f6z\u00f6tt, ahol egy \u00e9letre letelepedett.<\/p><p data-start=\"1091\" data-end=\"1307\">Budapesten el\u0151sz\u00f6r egy b\u00fatorgy\u00e1rban dolgozott, majd saj\u00e1t kis m\u0171helyt nyitott a kertv\u00e1rosban. \u00c9vtizedeken \u00e1t jav\u00edtott, \u00e9p\u00edtett, faragott \u2013 n\u00e9ha megrendel\u00e9sre, gyakrabban csak az\u00e9rt, mert valamit jobb\u00e1 lehetett tenni.<\/p><p data-start=\"1309\" data-end=\"1544\"><strong data-start=\"1309\" data-end=\"1376\">Szerette a csendet, a rendet, a j\u00f3 k\u00e1v\u00e9t \u00e9s a hasznos dolgokat.<\/strong> Nem szerette a felhajt\u00e1st, de mindig seg\u00edtett, ha valaki megk\u00e9rte. Egyszer\u0171 eszk\u00f6z\u00f6kkel, nagy t\u00fcrelemmel dolgozott \u2013 \u00e9s mindig csak annyit mondott: <em data-start=\"1525\" data-end=\"1544\">\u201eMajd megoldjuk.\u201d<\/em><\/p><p data-start=\"1546\" data-end=\"1782\"><strong data-start=\"1546\" data-end=\"1585\">Csal\u00e1dja volt az \u00e9lete k\u00f6z\u00e9ppontja.<\/strong> K\u00e9t gyermeket nevelt fel Magdoln\u00e1val, n\u00e9gy unok\u00e1j\u00e1nak pedig saj\u00e1t kez\u0171leg k\u00e9sz\u00edtett j\u00e1t\u00e9kokat, eml\u00e9keket, apr\u00f3 csod\u00e1kat. Vas\u00e1rnaponk\u00e9nt mindig \u0151 f\u0151z\u00f6tt, \u00e9s az asztal k\u00f6r\u00e9 mindenki sz\u00edvesen \u00fclt le.<\/p><p data-start=\"1784\" data-end=\"1977\">\u00c9lete utols\u00f3 \u00e9veiben \u00fajra ell\u00e1togatott Olaszorsz\u00e1gba is \u2013 megn\u00e9zte a r\u00e9gi h\u00e1zat, els\u00e9t\u00e1lt a m\u0171hely mellett, ahol tanul\u00f3k\u00e9nt dolgozott. Azt mondta: <em data-start=\"1931\" data-end=\"1977\">\u201eJ\u00f3 volt l\u00e1tni, de m\u00e9g jobb volt hazaj\u00f6nni.\u201d<\/em><\/p><p data-start=\"1979\" data-end=\"2245\"><strong data-start=\"1979\" data-end=\"2085\">2022 november\u00e9ben, 79 \u00e9vesen hunyt el, csendben, otthon, ahogy mindig is szerette: a csal\u00e1d k\u00f6zel\u00e9ben.<\/strong> Eml\u00e9ke nemcsak a t\u00e1rgyakban \u00e9l tov\u00e1bb, amiket k\u00e9sz\u00edtett, hanem azokban a pillanatokban is, amelyeket m\u00e1soknak adott \u2013 figyelemmel, gondoskod\u00e1ssal, szeretettel.<\/p>\t\t\t\t\t\t\t\t<\/div>\n\t\t\t\t<\/div>\n\t\t\t\t<div class=\"elementor-element elementor-element-8cf776d elementor-widget elementor-widget-spacer\" data-id=\"8cf776d\" data-element_type=\"widget\" data-widget_type=\"spacer.default\">\n\t\t\t\t<div class=\"elementor-widget-container\">\n\t\t\t\t\t\t\t<div class=\"elementor-spacer\">\n\t\t\t<div class=\"elementor-spacer-inner\"><\/div>\n\t\t<\/div>\n\t\t\t\t\t\t<\/div>\n\t\t\t\t<\/div>\n\t\t\t\t<\/div>\n\t\t<div class=\"elementor-element elementor-element-61cca6c e-con-full e-flex e-con e-parent\" data-id=\"61cca6c\" data-element_type=\"container\" data-settings=\"{&quot;background_background&quot;:&quot;classic&quot;,&quot;_ha_eqh_enable&quot;:false}\">\n\t\t\t\t<div class=\"elementor-element elementor-element-ee8c903 elementor-widget elementor-widget-gallery\" data-id=\"ee8c903\" data-element_type=\"widget\" data-settings=\"{&quot;columns&quot;:5,&quot;columns_tablet&quot;:4,&quot;columns_mobile&quot;:2,&quot;gap&quot;:{&quot;unit&quot;:&quot;px&quot;,&quot;size&quot;:20,&quot;sizes&quot;:[]},&quot;aspect_ratio&quot;:&quot;1:1&quot;,&quot;lazyload&quot;:&quot;yes&quot;,&quot;gallery_layout&quot;:&quot;grid&quot;,&quot;gap_tablet&quot;:{&quot;unit&quot;:&quot;px&quot;,&quot;size&quot;:10,&quot;sizes&quot;:[]},&quot;gap_mobile&quot;:{&quot;unit&quot;:&quot;px&quot;,&quot;size&quot;:10,&quot;sizes&quot;:[]},&quot;link_to&quot;:&quot;file&quot;,&quot;overlay_background&quot;:&quot;yes&quot;,&quot;content_hover_animation&quot;:&quot;fade-in&quot;}\" data-widget_type=\"gallery.default\">\n\t\t\t\t<div class=\"elementor-widget-container\">\n\t\t\t\t\t\t\t<div class=\"elementor-gallery__container\">\n\t\t\t\t\t\t\t<a class=\"e-gallery-item elementor-gallery-item elementor-animated-content\" href=\"https:\/\/mementoqr.eu\/wp-content\/uploads\/2025\/05\/ChatGPT-Image-2025.-maj.-11.-17_23_48.webp\" data-elementor-open-lightbox=\"yes\" data-elementor-lightbox-slideshow=\"ee8c903\" data-e-action-hash=\"#elementor-action%3Aaction%3Dlightbox%26settings%3DeyJpZCI6NDk4NiwidXJsIjoiaHR0cHM6XC9cL21lbWVudG9xci5ldVwvd3AtY29udGVudFwvdXBsb2Fkc1wvMjAyNVwvMDVcL0NoYXRHUFQtSW1hZ2UtMjAyNS4tbWFqLi0xMS4tMTdfMjNfNDgud2VicCIsInNsaWRlc2hvdyI6ImVlOGM5MDMifQ%3D%3D\">\n\t\t\t\t\t<div class=\"e-gallery-image elementor-gallery-item__image\" data-thumbnail=\"https:\/\/mementoqr.eu\/wp-content\/uploads\/2025\/05\/ChatGPT-Image-2025.-maj.-11.-17_23_48-683x1024.webp\" data-width=\"683\" data-height=\"1024\" aria-label=\"\" role=\"img\" ><\/div>\n\t\t\t\t\t\t\t\t\t\t\t<div class=\"elementor-gallery-item__overlay\"><\/div>\n\t\t\t\t\t\t\t\t\t\t\t\t\t\t<\/a>\n\t\t\t\t\t\t\t<a class=\"e-gallery-item elementor-gallery-item elementor-animated-content\" href=\"https:\/\/mementoqr.eu\/wp-content\/uploads\/2025\/05\/ChatGPT-Image-2025.-maj.-11.-17_24_42.webp\" data-elementor-open-lightbox=\"yes\" data-elementor-lightbox-slideshow=\"ee8c903\" data-e-action-hash=\"#elementor-action%3Aaction%3Dlightbox%26settings%3DeyJpZCI6NDk5NSwidXJsIjoiaHR0cHM6XC9cL21lbWVudG9xci5ldVwvd3AtY29udGVudFwvdXBsb2Fkc1wvMjAyNVwvMDVcL0NoYXRHUFQtSW1hZ2UtMjAyNS4tbWFqLi0xMS4tMTdfMjRfNDIud2VicCIsInNsaWRlc2hvdyI6ImVlOGM5MDMifQ%3D%3D\">\n\t\t\t\t\t<div class=\"e-gallery-image elementor-gallery-item__image\" data-thumbnail=\"https:\/\/mementoqr.eu\/wp-content\/uploads\/2025\/05\/ChatGPT-Image-2025.-maj.-11.-17_24_42-1024x683.webp\" data-width=\"1024\" data-height=\"683\" aria-label=\"\" role=\"img\" ><\/div>\n\t\t\t\t\t\t\t\t\t\t\t<div class=\"elementor-gallery-item__overlay\"><\/div>\n\t\t\t\t\t\t\t\t\t\t\t\t\t\t<\/a>\n\t\t\t\t\t\t\t<a class=\"e-gallery-item elementor-gallery-item elementor-animated-content\" href=\"https:\/\/mementoqr.eu\/wp-content\/uploads\/2025\/05\/ChatGPT-Image-2025.-maj.-11.-17_24_50.webp\" data-elementor-open-lightbox=\"yes\" data-elementor-lightbox-slideshow=\"ee8c903\" data-e-action-hash=\"#elementor-action%3Aaction%3Dlightbox%26settings%3DeyJpZCI6NDk5NywidXJsIjoiaHR0cHM6XC9cL21lbWVudG9xci5ldVwvd3AtY29udGVudFwvdXBsb2Fkc1wvMjAyNVwvMDVcL0NoYXRHUFQtSW1hZ2UtMjAyNS4tbWFqLi0xMS4tMTdfMjRfNTAud2VicCIsInNsaWRlc2hvdyI6ImVlOGM5MDMifQ%3D%3D\">\n\t\t\t\t\t<div class=\"e-gallery-image elementor-gallery-item__image\" data-thumbnail=\"https:\/\/mementoqr.eu\/wp-content\/uploads\/2025\/05\/ChatGPT-Image-2025.-maj.-11.-17_24_50-1024x683.webp\" data-width=\"1024\" data-height=\"683\" aria-label=\"\" role=\"img\" ><\/div>\n\t\t\t\t\t\t\t\t\t\t\t<div class=\"elementor-gallery-item__overlay\"><\/div>\n\t\t\t\t\t\t\t\t\t\t\t\t\t\t<\/a>\n\t\t\t\t\t\t\t<a class=\"e-gallery-item elementor-gallery-item elementor-animated-content\" href=\"https:\/\/mementoqr.eu\/wp-content\/uploads\/2025\/05\/ChatGPT-Image-2025.-maj.-11.-17_23_57.webp\" data-elementor-open-lightbox=\"yes\" data-elementor-lightbox-slideshow=\"ee8c903\" data-e-action-hash=\"#elementor-action%3Aaction%3Dlightbox%26settings%3DeyJpZCI6NDk4OCwidXJsIjoiaHR0cHM6XC9cL21lbWVudG9xci5ldVwvd3AtY29udGVudFwvdXBsb2Fkc1wvMjAyNVwvMDVcL0NoYXRHUFQtSW1hZ2UtMjAyNS4tbWFqLi0xMS4tMTdfMjNfNTcud2VicCIsInNsaWRlc2hvdyI6ImVlOGM5MDMifQ%3D%3D\">\n\t\t\t\t\t<div class=\"e-gallery-image elementor-gallery-item__image\" data-thumbnail=\"https:\/\/mementoqr.eu\/wp-content\/uploads\/2025\/05\/ChatGPT-Image-2025.-maj.-11.-17_23_57-683x1024.webp\" data-width=\"683\" data-height=\"1024\" aria-label=\"\" role=\"img\" ><\/div>\n\t\t\t\t\t\t\t\t\t\t\t<div class=\"elementor-gallery-item__overlay\"><\/div>\n\t\t\t\t\t\t\t\t\t\t\t\t\t\t<\/a>\n\t\t\t\t\t\t\t<a class=\"e-gallery-item elementor-gallery-item elementor-animated-content\" href=\"https:\/\/mementoqr.eu\/wp-content\/uploads\/2025\/05\/ChatGPT-Image-2025.-maj.-11.-17_24_16.webp\" data-elementor-open-lightbox=\"yes\" data-elementor-lightbox-slideshow=\"ee8c903\" data-e-action-hash=\"#elementor-action%3Aaction%3Dlightbox%26settings%3DeyJpZCI6NDk5MCwidXJsIjoiaHR0cHM6XC9cL21lbWVudG9xci5ldVwvd3AtY29udGVudFwvdXBsb2Fkc1wvMjAyNVwvMDVcL0NoYXRHUFQtSW1hZ2UtMjAyNS4tbWFqLi0xMS4tMTdfMjRfMTYud2VicCIsInNsaWRlc2hvdyI6ImVlOGM5MDMifQ%3D%3D\">\n\t\t\t\t\t<div class=\"e-gallery-image elementor-gallery-item__image\" data-thumbnail=\"https:\/\/mementoqr.eu\/wp-content\/uploads\/2025\/05\/ChatGPT-Image-2025.-maj.-11.-17_24_16-683x1024.webp\" data-width=\"683\" data-height=\"1024\" aria-label=\"\" role=\"img\" ><\/div>\n\t\t\t\t\t\t\t\t\t\t\t<div class=\"elementor-gallery-item__overlay\"><\/div>\n\t\t\t\t\t\t\t\t\t\t\t\t\t\t<\/a>\n\t\t\t\t\t\t\t<a class=\"e-gallery-item elementor-gallery-item elementor-animated-content\" href=\"https:\/\/mementoqr.eu\/wp-content\/uploads\/2025\/05\/ChatGPT-Image-2025.-maj.-11.-17_23_10.webp\" data-elementor-open-lightbox=\"yes\" data-elementor-lightbox-slideshow=\"ee8c903\" data-e-action-hash=\"#elementor-action%3Aaction%3Dlightbox%26settings%3DeyJpZCI6NDk4NCwidXJsIjoiaHR0cHM6XC9cL21lbWVudG9xci5ldVwvd3AtY29udGVudFwvdXBsb2Fkc1wvMjAyNVwvMDVcL0NoYXRHUFQtSW1hZ2UtMjAyNS4tbWFqLi0xMS4tMTdfMjNfMTAud2VicCIsInNsaWRlc2hvdyI6ImVlOGM5MDMifQ%3D%3D\">\n\t\t\t\t\t<div class=\"e-gallery-image elementor-gallery-item__image\" data-thumbnail=\"https:\/\/mementoqr.eu\/wp-content\/uploads\/2025\/05\/ChatGPT-Image-2025.-maj.-11.-17_23_10-683x1024.webp\" data-width=\"683\" data-height=\"1024\" aria-label=\"\" role=\"img\" ><\/div>\n\t\t\t\t\t\t\t\t\t\t\t<div class=\"elementor-gallery-item__overlay\"><\/div>\n\t\t\t\t\t\t\t\t\t\t\t\t\t\t<\/a>\n\t\t\t\t\t\t\t<a class=\"e-gallery-item elementor-gallery-item elementor-animated-content\" href=\"https:\/\/mementoqr.eu\/wp-content\/uploads\/2025\/05\/ChatGPT-Image-2025.-maj.-11.-17_25_05.webp\" data-elementor-open-lightbox=\"yes\" data-elementor-lightbox-slideshow=\"ee8c903\" data-e-action-hash=\"#elementor-action%3Aaction%3Dlightbox%26settings%3DeyJpZCI6NDk5OSwidXJsIjoiaHR0cHM6XC9cL21lbWVudG9xci5ldVwvd3AtY29udGVudFwvdXBsb2Fkc1wvMjAyNVwvMDVcL0NoYXRHUFQtSW1hZ2UtMjAyNS4tbWFqLi0xMS4tMTdfMjVfMDUud2VicCIsInNsaWRlc2hvdyI6ImVlOGM5MDMifQ%3D%3D\">\n\t\t\t\t\t<div class=\"e-gallery-image elementor-gallery-item__image\" data-thumbnail=\"https:\/\/mementoqr.eu\/wp-content\/uploads\/2025\/05\/ChatGPT-Image-2025.-maj.-11.-17_25_05-1024x683.webp\" data-width=\"1024\" data-height=\"683\" aria-label=\"\" role=\"img\" ><\/div>\n\t\t\t\t\t\t\t\t\t\t\t<div class=\"elementor-gallery-item__overlay\"><\/div>\n\t\t\t\t\t\t\t\t\t\t\t\t\t\t<\/a>\n\t\t\t\t\t\t\t<a class=\"e-gallery-item elementor-gallery-item elementor-animated-content\" href=\"https:\/\/mementoqr.eu\/wp-content\/uploads\/2025\/05\/ChatGPT-Image-2025.-maj.-11.-17_25_16.webp\" data-elementor-open-lightbox=\"yes\" data-elementor-lightbox-slideshow=\"ee8c903\" data-e-action-hash=\"#elementor-action%3Aaction%3Dlightbox%26settings%3DeyJpZCI6NTAwMSwidXJsIjoiaHR0cHM6XC9cL21lbWVudG9xci5ldVwvd3AtY29udGVudFwvdXBsb2Fkc1wvMjAyNVwvMDVcL0NoYXRHUFQtSW1hZ2UtMjAyNS4tbWFqLi0xMS4tMTdfMjVfMTYud2VicCIsInNsaWRlc2hvdyI6ImVlOGM5MDMifQ%3D%3D\">\n\t\t\t\t\t<div class=\"e-gallery-image elementor-gallery-item__image\" data-thumbnail=\"https:\/\/mementoqr.eu\/wp-content\/uploads\/2025\/05\/ChatGPT-Image-2025.-maj.-11.-17_25_16-1024x683.webp\" data-width=\"1024\" data-height=\"683\" aria-label=\"\" role=\"img\" ><\/div>\n\t\t\t\t\t\t\t\t\t\t\t<div class=\"elementor-gallery-item__overlay\"><\/div>\n\t\t\t\t\t\t\t\t\t\t\t\t\t\t<\/a>\n\t\t\t\t\t\t\t<a class=\"e-gallery-item elementor-gallery-item elementor-animated-content\" href=\"https:\/\/mementoqr.eu\/wp-content\/uploads\/2025\/05\/ChatGPT-Image-2025.-maj.-11.-17_24_27.webp\" data-elementor-open-lightbox=\"yes\" data-elementor-lightbox-slideshow=\"ee8c903\" data-e-action-hash=\"#elementor-action%3Aaction%3Dlightbox%26settings%3DeyJpZCI6NDk5MiwidXJsIjoiaHR0cHM6XC9cL21lbWVudG9xci5ldVwvd3AtY29udGVudFwvdXBsb2Fkc1wvMjAyNVwvMDVcL0NoYXRHUFQtSW1hZ2UtMjAyNS4tbWFqLi0xMS4tMTdfMjRfMjcud2VicCIsInNsaWRlc2hvdyI6ImVlOGM5MDMifQ%3D%3D\">\n\t\t\t\t\t<div class=\"e-gallery-image elementor-gallery-item__image\" data-thumbnail=\"https:\/\/mementoqr.eu\/wp-content\/uploads\/2025\/05\/ChatGPT-Image-2025.-maj.-11.-17_24_27-1024x683.webp\" data-width=\"1024\" data-height=\"683\" aria-label=\"\" role=\"img\" ><\/div>\n\t\t\t\t\t\t\t\t\t\t\t<div class=\"elementor-gallery-item__overlay\"><\/div>\n\t\t\t\t\t\t\t\t\t\t\t\t\t\t<\/a>\n\t\t\t\t\t\t\t<a class=\"e-gallery-item elementor-gallery-item elementor-animated-content\" href=\"https:\/\/mementoqr.eu\/wp-content\/uploads\/2025\/05\/ChatGPT-Image-2025.-maj.-11.-17_25_36.webp\" data-elementor-open-lightbox=\"yes\" data-elementor-lightbox-slideshow=\"ee8c903\" data-e-action-hash=\"#elementor-action%3Aaction%3Dlightbox%26settings%3DeyJpZCI6NTAwMywidXJsIjoiaHR0cHM6XC9cL21lbWVudG9xci5ldVwvd3AtY29udGVudFwvdXBsb2Fkc1wvMjAyNVwvMDVcL0NoYXRHUFQtSW1hZ2UtMjAyNS4tbWFqLi0xMS4tMTdfMjVfMzYud2VicCIsInNsaWRlc2hvdyI6ImVlOGM5MDMifQ%3D%3D\">\n\t\t\t\t\t<div class=\"e-gallery-image elementor-gallery-item__image\" data-thumbnail=\"https:\/\/mementoqr.eu\/wp-content\/uploads\/2025\/05\/ChatGPT-Image-2025.-maj.-11.-17_25_36-1024x683.webp\" data-width=\"1024\" data-height=\"683\" aria-label=\"\" role=\"img\" ><\/div>\n\t\t\t\t\t\t\t\t\t\t\t<div class=\"elementor-gallery-item__overlay\"><\/div>\n\t\t\t\t\t\t\t\t\t\t\t\t\t\t<\/a>\n\t\t\t\t\t<\/div>\n\t\t\t\t\t<\/div>\n\t\t\t\t<\/div>\n\t\t\t\t<div class=\"elementor-element elementor-element-20f0627 elementor-widget elementor-widget-theme-site-logo elementor-widget-image\" data-id=\"20f0627\" data-element_type=\"widget\" data-widget_type=\"theme-site-logo.default\">\n\t\t\t\t<div class=\"elementor-widget-container\">\n\t\t\t\t\t\t\t\t\t\t\t<a href=\"https:\/\/mementoqr.eu\/hu\/\">\n\t\t\t<img fetchpriority=\"high\" decoding=\"async\" width=\"1683\" height=\"336\" src=\"https:\/\/mementoqr.eu\/wp-content\/uploads\/2024\/08\/memento-e1741034857849-250x50.webp\" class=\"attachment-full size-full wp-image-33\" alt=\"MementoQR\" srcset=\"https:\/\/mementoqr.eu\/wp-content\/uploads\/2024\/08\/memento-e1741034857849.webp 1683w, https:\/\/mementoqr.eu\/wp-content\/uploads\/2024\/08\/memento-e1741034857849-300x60.webp 300w, https:\/\/mementoqr.eu\/wp-content\/uploads\/2024\/08\/memento-e1741034857849-1024x204.webp 1024w, https:\/\/mementoqr.eu\/wp-content\/uploads\/2024\/08\/memento-e1741034857849-768x153.webp 768w, https:\/\/mementoqr.eu\/wp-content\/uploads\/2024\/08\/memento-e1741034857849-1536x307.webp 1536w, https:\/\/mementoqr.eu\/wp-content\/uploads\/2024\/08\/memento-e1741034857849-18x4.webp 18w, https:\/\/mementoqr.eu\/wp-content\/uploads\/2024\/08\/memento-e1741034857849-400x80.webp 400w, https:\/\/mementoqr.eu\/wp-content\/uploads\/2024\/08\/memento-e1741034857849-250x50.webp 250w\" sizes=\"(max-width: 1683px) 100vw, 1683px\" \/>\t\t\t\t<\/a>\n\t\t\t\t\t\t\t\t\t\t\t<\/div>\n\t\t\t\t<\/div>\n\t\t\t\t<\/div>\n\t\t\t\t<\/div>\n\t\t","protected":false},"excerpt":{"rendered":"<p>Alessandro Morellini1943 &#8211; 2022 Alessandro\u00a01943 tavasz\u00e1n sz\u00fcletett Olaszorsz\u00e1gban, egy kis faluban Firenze k\u00f6zel\u00e9ben. Egy dolgos, szer\u00e9ny csal\u00e1dban n\u0151tt fel, ahol a k\u00e9z\u00fcgyess\u00e9g \u00e9s a t\u00fcrelem term\u00e9szetes r\u00e9sze volt az \u00e9letnek. M\u00e1r eg\u00e9szen fiatalon k\u00f6zel ker\u00fclt a f\u00e1hoz \u2013 el\u0151sz\u00f6r j\u00e1t\u00e9kb\u00f3l, k\u00e9s\u0151bb hivat\u00e1sb\u00f3l. Tizen\u00e9vesen asztalosnak tanult, \u00e9s hamar megmutatkozott tehets\u00e9ge: minden munk\u00e1j\u00e1ban ott volt a gondoss\u00e1g, [&hellip;]<\/p>\n","protected":false},"author":1,"featured_media":0,"parent":0,"menu_order":0,"comment_status":"closed","ping_status":"closed","template":"elementor_canvas","meta":{"_seopress_robots_primary_cat":"","_seopress_titles_title":"Pillanat \u2013 Egyszer\u0171 digit\u00e1lis eml\u00e9koldal | MementoQR","_seopress_titles_desc":"Ismerd meg a MementoQR Pillanat csomagj\u00e1t: letisztult digit\u00e1lis eml\u00e9koldal QR vagy NFC technol\u00f3gi\u00e1val, bor\u00edt\u00f3k\u00e9ppel \u00e9s \u00e9lett\u00f6rt\u00e9nettel.","_seopress_robots_index":"","site-sidebar-layout":"no-sidebar","site-content-layout":"page-builder","ast-site-content-layout":"full-width-container","site-content-style":"default","site-sidebar-style":"default","ast-global-header-display":"","ast-banner-title-visibility":"","ast-main-header-display":"","ast-hfb-above-header-display":"","ast-hfb-below-header-display":"","ast-hfb-mobile-header-display":"","site-post-title":"disabled","ast-breadcrumbs-content":"","ast-featured-img":"disabled","footer-sml-layout":"","theme-transparent-header-meta":"","adv-header-id-meta":"","stick-header-meta":"","header-above-stick-meta":"","header-main-stick-meta":"","header-below-stick-meta":"","astra-migrate-meta-layouts":"set","ast-page-background-enabled":"default","ast-page-background-meta":{"desktop":{"background-color":"var(--ast-global-color-4)","background-image":"","background-repeat":"repeat","background-position":"center center","background-size":"auto","background-attachment":"scroll","background-type":"","background-media":"","overlay-type":"","overlay-color":"","overlay-opacity":"","overlay-gradient":""},"tablet":{"background-color":"","background-image":"","background-repeat":"repeat","background-position":"center center","background-size":"auto","background-attachment":"scroll","background-type":"","background-media":"","overlay-type":"","overlay-color":"","overlay-opacity":"","overlay-gradient":""},"mobile":{"background-color":"","background-image":"","background-repeat":"repeat","background-position":"center center","background-size":"auto","background-attachment":"scroll","background-type":"","background-media":"","overlay-type":"","overlay-color":"","overlay-opacity":"","overlay-gradient":""}},"ast-content-background-meta":{"desktop":{"background-color":"var(--ast-global-color-5)","background-image":"","background-repeat":"repeat","background-position":"center center","background-size":"auto","background-attachment":"scroll","background-type":"","background-media":"","overlay-type":"","overlay-color":"","overlay-opacity":"","overlay-gradient":""},"tablet":{"background-color":"var(--ast-global-color-5)","background-image":"","background-repeat":"repeat","background-position":"center center","background-size":"auto","background-attachment":"scroll","background-type":"","background-media":"","overlay-type":"","overlay-color":"","overlay-opacity":"","overlay-gradient":""},"mobile":{"background-color":"var(--ast-global-color-5)","background-image":"","background-repeat":"repeat","background-position":"center center","background-size":"auto","background-attachment":"scroll","background-type":"","background-media":"","overlay-type":"","overlay-color":"","overlay-opacity":"","overlay-gradient":""}},"footnotes":""},"class_list":["post-1811","page","type-page","status-publish","hentry"],"jetpack_sharing_enabled":true,"_links":{"self":[{"href":"https:\/\/mementoqr.eu\/hu\/wp-json\/wp\/v2\/pages\/1811","targetHints":{"allow":["GET"]}}],"collection":[{"href":"https:\/\/mementoqr.eu\/hu\/wp-json\/wp\/v2\/pages"}],"about":[{"href":"https:\/\/mementoqr.eu\/hu\/wp-json\/wp\/v2\/types\/page"}],"author":[{"embeddable":true,"href":"https:\/\/mementoqr.eu\/hu\/wp-json\/wp\/v2\/users\/1"}],"replies":[{"embeddable":true,"href":"https:\/\/mementoqr.eu\/hu\/wp-json\/wp\/v2\/comments?post=1811"}],"version-history":[{"count":0,"href":"https:\/\/mementoqr.eu\/hu\/wp-json\/wp\/v2\/pages\/1811\/revisions"}],"wp:attachment":[{"href":"https:\/\/mementoqr.eu\/hu\/wp-json\/wp\/v2\/media?parent=1811"}],"curies":[{"name":"wp","href":"https:\/\/api.w.org\/{rel}","templated":true}]}}