{"id":5938,"date":"2025-07-21T14:20:15","date_gmt":"2025-07-21T12:20:15","guid":{"rendered":"https:\/\/mementoqr.eu\/?page_id=5938"},"modified":"2025-07-21T14:25:35","modified_gmt":"2025-07-21T12:25:35","slug":"impresszum","status":"publish","type":"page","link":"https:\/\/mementoqr.eu\/hu\/impresszum\/","title":{"rendered":"Impresszum"},"content":{"rendered":"\t\t<div data-elementor-type=\"wp-page\" data-elementor-id=\"5938\" class=\"elementor elementor-5938\" data-elementor-settings=\"{&quot;ha_cmc_init_switcher&quot;:&quot;no&quot;}\" data-elementor-post-type=\"page\">\n\t\t\t\t<div class=\"elementor-element elementor-element-10627a1 e-flex e-con-boxed e-con e-parent\" data-id=\"10627a1\" data-element_type=\"container\" data-settings=\"{&quot;_ha_eqh_enable&quot;:false}\">\n\t\t\t\t\t<div class=\"e-con-inner\">\n\t\t\t\t<div class=\"elementor-element elementor-element-93a3423 elementor-widget elementor-widget-heading\" data-id=\"93a3423\" data-element_type=\"widget\" data-widget_type=\"heading.default\">\n\t\t\t\t<div class=\"elementor-widget-container\">\n\t\t\t\t\t<h2 class=\"elementor-heading-title elementor-size-default\">Impresszum<\/h2>\t\t\t\t<\/div>\n\t\t\t\t<\/div>\n\t\t\t\t<div class=\"elementor-element elementor-element-dced3ed elementor-widget__width-initial elementor-widget elementor-widget-text-editor\" data-id=\"dced3ed\" data-element_type=\"widget\" data-widget_type=\"text-editor.default\">\n\t\t\t\t<div class=\"elementor-widget-container\">\n\t\t\t\t\t\t\t\t\t<p data-start=\"115\" data-end=\"210\"><strong data-start=\"115\" data-end=\"136\">Szolg\u00e1ltat\u00f3 neve:<\/strong><br data-start=\"136\" data-end=\"139\">Batki Martin e.v.<br data-start=\"156\" data-end=\"159\">(MementoQR \u2013 Eml\u00e9kt\u00e1bl\u00e1k \u00e9s digit\u00e1lis eml\u00e9koldalak)<\/p>\n<p data-start=\"212\" data-end=\"265\"><strong data-start=\"212\" data-end=\"225\">Sz\u00e9khely:<\/strong><br data-start=\"225\" data-end=\"228\">3358 Erd\u0151telek, Szent Istv\u00e1n utca 20.<\/p>\n<p data-start=\"267\" data-end=\"372\"><strong data-start=\"267\" data-end=\"287\">Kapcsolattart\u00e1s:<\/strong><br data-start=\"287\" data-end=\"290\">E-mail: <a class=\"cursor-pointer\" rel=\"noopener\" data-start=\"298\" data-end=\"315\">info@mementoqr.eu<\/a><br data-start=\"315\" data-end=\"318\">Weboldal: <a class=\"\" href=\"https:\/\/mementoqr.eu\/\" target=\"_new\" rel=\"noopener\" data-start=\"328\" data-end=\"372\">https:\/\/mementoqr.eu<\/a><\/p>\n<p data-start=\"374\" data-end=\"428\"><strong data-start=\"374\" data-end=\"417\">Egy\u00e9ni v\u00e1llalkoz\u00f3i nyilv\u00e1ntart\u00e1si sz\u00e1m:<\/strong><br data-start=\"417\" data-end=\"420\">59073431<\/p>\n<p data-start=\"430\" data-end=\"458\"><strong data-start=\"430\" data-end=\"442\">Ad\u00f3sz\u00e1m:<\/strong><br data-start=\"442\" data-end=\"445\">49369081-1-30<\/p>\n<p data-start=\"460\" data-end=\"537\"><strong data-start=\"460\" data-end=\"486\">Kamarai nyilv\u00e1ntart\u00e1s:<\/strong><br data-start=\"486\" data-end=\"489\">Heves V\u00e1rmegyei Kereskedelmi \u00e9s Iparkamara tagja<\/p>\n<p data-start=\"539\" data-end=\"746\"><strong data-start=\"539\" data-end=\"566\">A szolg\u00e1ltat\u00e1s jellege:<\/strong><br data-start=\"566\" data-end=\"569\">Szem\u00e9lyre szabott eml\u00e9kt\u00e1bl\u00e1k \u00e9s hozz\u00e1juk tartoz\u00f3 online eml\u00e9koldalak k\u00e9sz\u00edt\u00e9se. A term\u00e9kek egyedi megrendel\u00e9s alapj\u00e1n, nem el\u0151re gy\u00e1rtott form\u00e1ban k\u00e9sz\u00fclnek.<\/p>\n<p data-start=\"748\" data-end=\"877\"><strong data-start=\"748\" data-end=\"771\">T\u00e1rhelyszolg\u00e1ltat\u00f3:<\/strong><br data-start=\"771\" data-end=\"774\">T\u00e1rhely.eu Kft.<br data-start=\"789\" data-end=\"792\">1097 Budapest, K\u00f6nyves K\u00e1lm\u00e1n k\u00f6r\u00fat 12\u201314.<br data-start=\"834\" data-end=\"837\"><a class=\"\" href=\"https:\/\/tarhely.eu\/\" target=\"_new\" rel=\"noopener\" data-start=\"837\" data-end=\"877\">https:\/\/tarhely.eu<\/a><\/p>\n<hr data-start=\"879\" data-end=\"882\">\n<h2 data-start=\"884\" data-end=\"903\">&nbsp;<\/h2>\n<h3 data-start=\"884\" data-end=\"903\">Jogi nyilatkozat<\/h3>\n<p data-start=\"905\" data-end=\"1144\">A weboldalon tal\u00e1lhat\u00f3 minden tartalom (sz\u00f6veg, grafika, f\u00e9nyk\u00e9p, QR\/NFC m\u0171k\u00f6d\u00e9s, diz\u00e1jnelemek) Batki Martin tulajdon\u00e1t k\u00e9pezi, \u00e9s szerz\u0151i jogi v\u00e9delem alatt \u00e1ll. A tartalmak enged\u00e9ly n\u00e9lk\u00fcli m\u00e1sol\u00e1sa, terjeszt\u00e9se vagy felhaszn\u00e1l\u00e1sa tilos.<\/p>\t\t\t\t\t\t\t\t<\/div>\n\t\t\t\t<\/div>\n\t\t\t\t\t<\/div>\n\t\t\t\t<\/div>\n\t\t\t\t<\/div>\n\t\t","protected":false},"excerpt":{"rendered":"<p>Impresszum Szolg\u00e1ltat\u00f3 neve:Batki Martin e.v.(MementoQR \u2013 Eml\u00e9kt\u00e1bl\u00e1k \u00e9s digit\u00e1lis eml\u00e9koldalak) Sz\u00e9khely:3358 Erd\u0151telek, Szent Istv\u00e1n utca 20. Kapcsolattart\u00e1s:E-mail: info@mementoqr.euWeboldal: https:\/\/mementoqr.eu Egy\u00e9ni v\u00e1llalkoz\u00f3i nyilv\u00e1ntart\u00e1si sz\u00e1m:59073431 Ad\u00f3sz\u00e1m:49369081-1-30 Kamarai nyilv\u00e1ntart\u00e1s:Heves V\u00e1rmegyei Kereskedelmi \u00e9s Iparkamara tagja A szolg\u00e1ltat\u00e1s jellege:Szem\u00e9lyre szabott eml\u00e9kt\u00e1bl\u00e1k \u00e9s hozz\u00e1juk tartoz\u00f3 online eml\u00e9koldalak k\u00e9sz\u00edt\u00e9se. A term\u00e9kek egyedi megrendel\u00e9s alapj\u00e1n, nem el\u0151re gy\u00e1rtott form\u00e1ban k\u00e9sz\u00fclnek. T\u00e1rhelyszolg\u00e1ltat\u00f3:T\u00e1rhely.eu Kft.1097 Budapest, [&hellip;]<\/p>\n","protected":false},"author":1,"featured_media":0,"parent":0,"menu_order":0,"comment_status":"closed","ping_status":"closed","template":"elementor_header_footer","meta":{"_seopress_robots_primary_cat":"","_seopress_titles_title":"","_seopress_titles_desc":"","_seopress_robots_index":"","site-sidebar-layout":"no-sidebar","site-content-layout":"page-builder","ast-site-content-layout":"full-width-container","site-content-style":"default","site-sidebar-style":"default","ast-global-header-display":"","ast-banner-title-visibility":"","ast-main-header-display":"","ast-hfb-above-header-display":"","ast-hfb-below-header-display":"","ast-hfb-mobile-header-display":"","site-post-title":"disabled","ast-breadcrumbs-content":"","ast-featured-img":"disabled","footer-sml-layout":"","theme-transparent-header-meta":"","adv-header-id-meta":"","stick-header-meta":"","header-above-stick-meta":"","header-main-stick-meta":"","header-below-stick-meta":"","astra-migrate-meta-layouts":"set","ast-page-background-enabled":"default","ast-page-background-meta":{"desktop":{"background-color":"var(--ast-global-color-4)","background-image":"","background-repeat":"repeat","background-position":"center center","background-size":"auto","background-attachment":"scroll","background-type":"","background-media":"","overlay-type":"","overlay-color":"","overlay-opacity":"","overlay-gradient":""},"tablet":{"background-color":"","background-image":"","background-repeat":"repeat","background-position":"center center","background-size":"auto","background-attachment":"scroll","background-type":"","background-media":"","overlay-type":"","overlay-color":"","overlay-opacity":"","overlay-gradient":""},"mobile":{"background-color":"","background-image":"","background-repeat":"repeat","background-position":"center center","background-size":"auto","background-attachment":"scroll","background-type":"","background-media":"","overlay-type":"","overlay-color":"","overlay-opacity":"","overlay-gradient":""}},"ast-content-background-meta":{"desktop":{"background-color":"var(--ast-global-color-5)","background-image":"","background-repeat":"repeat","background-position":"center center","background-size":"auto","background-attachment":"scroll","background-type":"","background-media":"","overlay-type":"","overlay-color":"","overlay-opacity":"","overlay-gradient":""},"tablet":{"background-color":"var(--ast-global-color-5)","background-image":"","background-repeat":"repeat","background-position":"center center","background-size":"auto","background-attachment":"scroll","background-type":"","background-media":"","overlay-type":"","overlay-color":"","overlay-opacity":"","overlay-gradient":""},"mobile":{"background-color":"var(--ast-global-color-5)","background-image":"","background-repeat":"repeat","background-position":"center center","background-size":"auto","background-attachment":"scroll","background-type":"","background-media":"","overlay-type":"","overlay-color":"","overlay-opacity":"","overlay-gradient":""}},"footnotes":""},"class_list":["post-5938","page","type-page","status-publish","hentry"],"jetpack_sharing_enabled":true,"_links":{"self":[{"href":"https:\/\/mementoqr.eu\/hu\/wp-json\/wp\/v2\/pages\/5938","targetHints":{"allow":["GET"]}}],"collection":[{"href":"https:\/\/mementoqr.eu\/hu\/wp-json\/wp\/v2\/pages"}],"about":[{"href":"https:\/\/mementoqr.eu\/hu\/wp-json\/wp\/v2\/types\/page"}],"author":[{"embeddable":true,"href":"https:\/\/mementoqr.eu\/hu\/wp-json\/wp\/v2\/users\/1"}],"replies":[{"embeddable":true,"href":"https:\/\/mementoqr.eu\/hu\/wp-json\/wp\/v2\/comments?post=5938"}],"version-history":[{"count":0,"href":"https:\/\/mementoqr.eu\/hu\/wp-json\/wp\/v2\/pages\/5938\/revisions"}],"wp:attachment":[{"href":"https:\/\/mementoqr.eu\/hu\/wp-json\/wp\/v2\/media?parent=5938"}],"curies":[{"name":"wp","href":"https:\/\/api.w.org\/{rel}","templated":true}]}}