{"id":6126,"date":"2025-08-18T15:43:14","date_gmt":"2025-08-18T13:43:14","guid":{"rendered":"https:\/\/mementoqr.eu\/?page_id=6126"},"modified":"2025-10-05T21:13:59","modified_gmt":"2025-10-05T19:13:59","slug":"emlekoldalak","status":"publish","type":"page","link":"https:\/\/mementoqr.eu\/hu\/emlekoldalak\/","title":{"rendered":"Eml\u00e9koldalak"},"content":{"rendered":"\t\t<div data-elementor-type=\"wp-page\" data-elementor-id=\"6126\" class=\"elementor elementor-6126\" data-elementor-settings=\"{&quot;ha_cmc_init_switcher&quot;:&quot;no&quot;}\" data-elementor-post-type=\"page\">\n\t\t\t\t<div class=\"elementor-element elementor-element-7bbd87f e-con-full e-flex e-con e-parent\" data-id=\"7bbd87f\" data-element_type=\"container\" data-settings=\"{&quot;background_background&quot;:&quot;classic&quot;,&quot;_ha_eqh_enable&quot;:false}\">\n\t\t\t\t<div class=\"elementor-element elementor-element-079cde2 elementor-widget elementor-widget-heading\" data-id=\"079cde2\" data-element_type=\"widget\" data-widget_type=\"heading.default\">\n\t\t\t\t<div class=\"elementor-widget-container\">\n\t\t\t\t\t<h1 class=\"elementor-heading-title elementor-size-default\">Eml\u00e9koldalak<\/h1>\t\t\t\t<\/div>\n\t\t\t\t<\/div>\n\t\t\t\t<\/div>\n\t\t<div class=\"elementor-element elementor-element-2686e90 e-con-full e-flex e-con e-parent\" data-id=\"2686e90\" data-element_type=\"container\" data-settings=\"{&quot;background_background&quot;:&quot;classic&quot;,&quot;_ha_eqh_enable&quot;:false}\">\n\t\t\t\t<div class=\"elementor-element elementor-element-1635396 elementor-widget elementor-widget-heading\" data-id=\"1635396\" data-element_type=\"widget\" data-widget_type=\"heading.default\">\n\t\t\t\t<div class=\"elementor-widget-container\">\n\t\t\t\t\t<h2 class=\"elementor-heading-title elementor-size-default\">T\u00f6rt\u00e9netek a nevek \u00e9s d\u00e1tumok m\u00f6g\u00f6tt<\/h2>\t\t\t\t<\/div>\n\t\t\t\t<\/div>\n\t\t\t\t<div class=\"elementor-element elementor-element-71c09b6 elementor-widget elementor-widget-heading\" data-id=\"71c09b6\" data-element_type=\"widget\" data-widget_type=\"heading.default\">\n\t\t\t\t<div class=\"elementor-widget-container\">\n\t\t\t\t\t<h2 class=\"elementor-heading-title elementor-size-default\">Az eml\u00e9koldalak seg\u00edts\u00e9g\u00e9vel a hagyom\u00e1nyos eml\u00e9kt\u00e1bl\u00e1kon t\u00fal \u00e9letre kelnek a t\u00f6rt\u00e9netek, a k\u00f6z\u00f6s pillanatok \u00e9s a f\u00e9ltett eml\u00e9kek. Legyen sz\u00f3 f\u00e9nyk\u00e9pekr\u0151l, sz\u00f6vegekr\u0151l, zen\u00e9r\u0151l vagy ak\u00e1r csal\u00e1df\u00e1r\u00f3l, mindez egy m\u00e9lt\u00f3 \u00e9s biztons\u00e1gos digit\u00e1lis fel\u00fcleten kap helyet.\nAz al\u00e1bbi p\u00e9ld\u00e1k megmutatj\u00e1k, hogyan n\u00e9znek ki a k\u00fcl\u00f6nb\u00f6z\u0151 csomagok \u2013 az egyszer\u0171bb, letisztult form\u00e1kt\u00f3l eg\u00e9szen az egyedi, szem\u00e9lyre szabott eml\u00e9koldalakig.<\/h2>\t\t\t\t<\/div>\n\t\t\t\t<\/div>\n\t\t\t\t<\/div>\n\t\t<div class=\"elementor-element elementor-element-b3172b5 e-con-full e-flex e-con e-parent\" data-id=\"b3172b5\" data-element_type=\"container\" data-settings=\"{&quot;background_background&quot;:&quot;classic&quot;,&quot;_ha_eqh_enable&quot;:false}\">\n\t\t<div class=\"elementor-element elementor-element-560ba1b e-con-full e-flex e-con e-child\" data-id=\"560ba1b\" data-element_type=\"container\" data-settings=\"{&quot;background_background&quot;:&quot;classic&quot;,&quot;_ha_eqh_enable&quot;:false}\">\n\t\t<div class=\"elementor-element elementor-element-b9a678f e-con-full e-flex e-con e-child\" data-id=\"b9a678f\" data-element_type=\"container\" data-settings=\"{&quot;_ha_eqh_enable&quot;:false}\">\n\t\t\t\t<div class=\"elementor-element elementor-element-d3a4895 elementor-widget__width-initial elementor-widget elementor-widget-text-editor\" data-id=\"d3a4895\" data-element_type=\"widget\" data-widget_type=\"text-editor.default\">\n\t\t\t\t<div class=\"elementor-widget-container\">\n\t\t\t\t\t\t\t\t\t<p>Pillanat &#8211; Az alapcsomag<\/p>\t\t\t\t\t\t\t\t<\/div>\n\t\t\t\t<\/div>\n\t\t\t\t<div class=\"elementor-element elementor-element-9dc8182 elementor-widget__width-initial elementor-widget elementor-widget-text-editor\" data-id=\"9dc8182\" data-element_type=\"widget\" data-widget_type=\"text-editor.default\">\n\t\t\t\t<div class=\"elementor-widget-container\">\n\t\t\t\t\t\t\t\t\t<p>Egyszer\u0171 \u00e9s letisztult eml\u00e9koldal, amely az \u00e9lett\u00f6rt\u00e9netet \u00e9s n\u00e9h\u00e1ny kedves f\u00e9nyk\u00e9pet mutat be. Ide\u00e1lis v\u00e1laszt\u00e1s, ha visszafogott form\u00e1ban, de m\u00e9lt\u00f3 m\u00f3don szeretn\u00e9d meg\u0151rizni szeretteid eml\u00e9k\u00e9t.<\/p>\t\t\t\t\t\t\t\t<\/div>\n\t\t\t\t<\/div>\n\t\t\t\t<\/div>\n\t\t<div class=\"elementor-element elementor-element-43a8289 e-con-full e-flex e-con e-child\" data-id=\"43a8289\" data-element_type=\"container\" data-settings=\"{&quot;_ha_eqh_enable&quot;:false}\">\n\t\t<div class=\"elementor-element elementor-element-9de9c23 e-con-full e-flex e-con e-child\" data-id=\"9de9c23\" data-element_type=\"container\" data-settings=\"{&quot;_ha_eqh_enable&quot;:false}\">\n\t\t\t\t<div class=\"elementor-element elementor-element-8dc1015 elementor-widget__width-initial elementor-widget elementor-widget-text-editor\" data-id=\"8dc1015\" data-element_type=\"widget\" data-widget_type=\"text-editor.default\">\n\t\t\t\t<div class=\"elementor-widget-container\">\n\t\t\t\t\t\t\t\t\t<p>Tartalma:<\/p>\t\t\t\t\t\t\t\t<\/div>\n\t\t\t\t<\/div>\n\t\t\t\t<div class=\"elementor-element elementor-element-b800e3e elementor-widget__width-initial elementor-widget elementor-widget-text-editor\" data-id=\"b800e3e\" data-element_type=\"widget\" data-widget_type=\"text-editor.default\">\n\t\t\t\t<div class=\"elementor-widget-container\">\n\t\t\t\t\t\t\t\t\t<ul><li data-start=\"428\" data-end=\"470\">El\u0151re kialak\u00edtott elrendez\u00e9s\u0171 eml\u00e9koldal<\/li><li data-start=\"473\" data-end=\"489\">1 db bor\u00edt\u00f3k\u00e9p<\/li><li data-start=\"492\" data-end=\"515\">\u00c9lett\u00f6rt\u00e9net (sz\u00f6veg)<\/li><li data-start=\"518\" data-end=\"544\">Gal\u00e9ria (maximum 10 k\u00e9p)<\/li><\/ul>\t\t\t\t\t\t\t\t<\/div>\n\t\t\t\t<\/div>\n\t\t\t\t<\/div>\n\t\t<div class=\"elementor-element elementor-element-49aca85 e-con-full e-flex e-con e-child\" data-id=\"49aca85\" data-element_type=\"container\" data-settings=\"{&quot;_ha_eqh_enable&quot;:false}\">\n\t\t\t\t<div class=\"elementor-element elementor-element-7c7f7f6 elementor-align-left elementor-widget__width-initial elementor-mobile-align-justify elementor-widget elementor-widget-button\" data-id=\"7c7f7f6\" data-element_type=\"widget\" data-widget_type=\"button.default\">\n\t\t\t\t<div class=\"elementor-widget-container\">\n\t\t\t\t\t\t\t\t\t<div class=\"elementor-button-wrapper\">\n\t\t\t\t\t<a class=\"elementor-button elementor-button-link elementor-size-sm\" href=\"https:\/\/mementoqr.eu\/hu\/demo1\/\" target=\"_blank\">\n\t\t\t\t\t\t<span class=\"elementor-button-content-wrapper\">\n\t\t\t\t\t\t\t\t\t<span class=\"elementor-button-text\">N\u00e9zd meg a Pillanat csomag minta eml\u00e9koldal\u00e1t<\/span>\n\t\t\t\t\t<\/span>\n\t\t\t\t\t<\/a>\n\t\t\t\t<\/div>\n\t\t\t\t\t\t\t\t<\/div>\n\t\t\t\t<\/div>\n\t\t\t\t<div class=\"elementor-element elementor-element-ac1f9e4 elementor-align-left elementor-widget__width-initial elementor-mobile-align-justify elementor-widget elementor-widget-button\" data-id=\"ac1f9e4\" data-element_type=\"widget\" data-widget_type=\"button.default\">\n\t\t\t\t<div class=\"elementor-widget-container\">\n\t\t\t\t\t\t\t\t\t<div class=\"elementor-button-wrapper\">\n\t\t\t\t\t<a class=\"elementor-button elementor-button-link elementor-size-sm\" href=\"https:\/\/mementoqr.eu\/rendeles\/\">\n\t\t\t\t\t\t<span class=\"elementor-button-content-wrapper\">\n\t\t\t\t\t\t\t\t\t<span class=\"elementor-button-text\">Kos\u00e1rba helyezem<\/span>\n\t\t\t\t\t<\/span>\n\t\t\t\t\t<\/a>\n\t\t\t\t<\/div>\n\t\t\t\t\t\t\t\t<\/div>\n\t\t\t\t<\/div>\n\t\t\t\t<\/div>\n\t\t\t\t<\/div>\n\t\t\t\t<\/div>\n\t\t<div class=\"elementor-element elementor-element-3726eff e-con-full e-flex e-con e-child\" data-id=\"3726eff\" data-element_type=\"container\" data-settings=\"{&quot;background_background&quot;:&quot;classic&quot;,&quot;_ha_eqh_enable&quot;:false}\">\n\t\t<div class=\"elementor-element elementor-element-a5a2d3c e-con-full e-flex e-con e-child\" data-id=\"a5a2d3c\" data-element_type=\"container\" data-settings=\"{&quot;_ha_eqh_enable&quot;:false}\">\n\t\t\t\t<div class=\"elementor-element elementor-element-7fca0a9 elementor-widget__width-initial elementor-widget elementor-widget-text-editor\" data-id=\"7fca0a9\" data-element_type=\"widget\" data-widget_type=\"text-editor.default\">\n\t\t\t\t<div class=\"elementor-widget-container\">\n\t\t\t\t\t\t\t\t\t<p>T\u00f6rt\u00e9net &#8211; A b\u0151v\u00edtett csomag<\/p>\t\t\t\t\t\t\t\t<\/div>\n\t\t\t\t<\/div>\n\t\t\t\t<div class=\"elementor-element elementor-element-0f13b1d elementor-widget__width-initial elementor-widget elementor-widget-text-editor\" data-id=\"0f13b1d\" data-element_type=\"widget\" data-widget_type=\"text-editor.default\">\n\t\t\t\t<div class=\"elementor-widget-container\">\n\t\t\t\t\t\t\t\t\t<p>R\u00e9szletesebb megeml\u00e9kez\u00e9s, ahol id\u0151vonal, t\u00f6bb k\u00e9p \u00e9s b\u0151vebb tartalom kap helyet. Akkor aj\u00e1nljuk, ha egy teljes \u00e9let\u00fat t\u00f6rt\u00e9net\u00e9t szeretn\u00e9d \u00e1tadni \u2013 f\u00e9nyk\u00e9pekkel, eml\u00e9kekkel \u00e9s meghat\u00e1roz\u00f3 \u00e9letesem\u00e9nyekkel.<\/p>\t\t\t\t\t\t\t\t<\/div>\n\t\t\t\t<\/div>\n\t\t\t\t<\/div>\n\t\t<div class=\"elementor-element elementor-element-41acaab e-con-full e-flex e-con e-child\" data-id=\"41acaab\" data-element_type=\"container\" data-settings=\"{&quot;_ha_eqh_enable&quot;:false}\">\n\t\t<div class=\"elementor-element elementor-element-50faf33 e-con-full e-flex e-con e-child\" data-id=\"50faf33\" data-element_type=\"container\" data-settings=\"{&quot;_ha_eqh_enable&quot;:false}\">\n\t\t\t\t<div class=\"elementor-element elementor-element-38552e9 elementor-widget__width-initial elementor-widget elementor-widget-text-editor\" data-id=\"38552e9\" data-element_type=\"widget\" data-widget_type=\"text-editor.default\">\n\t\t\t\t<div class=\"elementor-widget-container\">\n\t\t\t\t\t\t\t\t\t<p>Tartalma:<\/p>\t\t\t\t\t\t\t\t<\/div>\n\t\t\t\t<\/div>\n\t\t\t\t<div class=\"elementor-element elementor-element-8a41576 elementor-widget__width-initial elementor-widget elementor-widget-text-editor\" data-id=\"8a41576\" data-element_type=\"widget\" data-widget_type=\"text-editor.default\">\n\t\t\t\t<div class=\"elementor-widget-container\">\n\t\t\t\t\t\t\t\t\t<ul><li data-start=\"860\" data-end=\"902\">El\u0151re kialak\u00edtott elrendez\u00e9s\u0171 eml\u00e9koldal<\/li><li data-start=\"905\" data-end=\"921\">1 db bor\u00edt\u00f3k\u00e9p<\/li><li data-start=\"924\" data-end=\"947\">\u00c9lett\u00f6rt\u00e9net (sz\u00f6veg)<\/li><li data-start=\"950\" data-end=\"982\">Id\u0151vonal \u00e9letesem\u00e9nyek alapj\u00e1n<\/li><li data-start=\"985\" data-end=\"1011\">Gal\u00e9ria (maximum 20 k\u00e9p)<\/li><\/ul>\t\t\t\t\t\t\t\t<\/div>\n\t\t\t\t<\/div>\n\t\t\t\t<\/div>\n\t\t<div class=\"elementor-element elementor-element-ff6cf7f e-con-full e-flex e-con e-child\" data-id=\"ff6cf7f\" data-element_type=\"container\" data-settings=\"{&quot;_ha_eqh_enable&quot;:false}\">\n\t\t\t\t<div class=\"elementor-element elementor-element-60c57fc elementor-align-left elementor-widget__width-initial elementor-mobile-align-justify elementor-widget elementor-widget-button\" data-id=\"60c57fc\" data-element_type=\"widget\" data-widget_type=\"button.default\">\n\t\t\t\t<div class=\"elementor-widget-container\">\n\t\t\t\t\t\t\t\t\t<div class=\"elementor-button-wrapper\">\n\t\t\t\t\t<a class=\"elementor-button elementor-button-link elementor-size-sm\" href=\"https:\/\/mementoqr.eu\/hu\/demo2\/\" target=\"_blank\">\n\t\t\t\t\t\t<span class=\"elementor-button-content-wrapper\">\n\t\t\t\t\t\t\t\t\t<span class=\"elementor-button-text\">N\u00e9zd meg a T\u00f6rt\u00e9net csomag minta eml\u00e9koldal\u00e1t<\/span>\n\t\t\t\t\t<\/span>\n\t\t\t\t\t<\/a>\n\t\t\t\t<\/div>\n\t\t\t\t\t\t\t\t<\/div>\n\t\t\t\t<\/div>\n\t\t\t\t<div class=\"elementor-element elementor-element-5e01d5f elementor-align-left elementor-widget__width-initial elementor-mobile-align-justify elementor-widget elementor-widget-button\" data-id=\"5e01d5f\" data-element_type=\"widget\" data-widget_type=\"button.default\">\n\t\t\t\t<div class=\"elementor-widget-container\">\n\t\t\t\t\t\t\t\t\t<div class=\"elementor-button-wrapper\">\n\t\t\t\t\t<a class=\"elementor-button elementor-button-link elementor-size-sm\" href=\"https:\/\/mementoqr.eu\/rendeles\/\">\n\t\t\t\t\t\t<span class=\"elementor-button-content-wrapper\">\n\t\t\t\t\t\t\t\t\t<span class=\"elementor-button-text\">Kos\u00e1rba helyezem<\/span>\n\t\t\t\t\t<\/span>\n\t\t\t\t\t<\/a>\n\t\t\t\t<\/div>\n\t\t\t\t\t\t\t\t<\/div>\n\t\t\t\t<\/div>\n\t\t\t\t<\/div>\n\t\t\t\t<\/div>\n\t\t\t\t<\/div>\n\t\t<div class=\"elementor-element elementor-element-4cfc1a0 e-con-full e-flex e-con e-child\" data-id=\"4cfc1a0\" data-element_type=\"container\" data-settings=\"{&quot;background_background&quot;:&quot;classic&quot;,&quot;_ha_eqh_enable&quot;:false}\">\n\t\t<div class=\"elementor-element elementor-element-44e0f46 e-con-full e-flex e-con e-child\" data-id=\"44e0f46\" data-element_type=\"container\" data-settings=\"{&quot;_ha_eqh_enable&quot;:false}\">\n\t\t\t\t<div class=\"elementor-element elementor-element-8ce0185 elementor-widget__width-initial elementor-widget elementor-widget-text-editor\" data-id=\"8ce0185\" data-element_type=\"widget\" data-widget_type=\"text-editor.default\">\n\t\t\t\t<div class=\"elementor-widget-container\">\n\t\t\t\t\t\t\t\t\t<p>\u00d6r\u00f6k eml\u00e9k &#8211; A pr\u00e9mium csomag<\/p>\t\t\t\t\t\t\t\t<\/div>\n\t\t\t\t<\/div>\n\t\t\t\t<div class=\"elementor-element elementor-element-99f8ac8 elementor-widget__width-initial elementor-widget elementor-widget-text-editor\" data-id=\"99f8ac8\" data-element_type=\"widget\" data-widget_type=\"text-editor.default\">\n\t\t\t\t<div class=\"elementor-widget-container\">\n\t\t\t\t\t\t\t\t\t<p data-start=\"288\" data-end=\"622\">Az \u00d6r\u00f6k eml\u00e9k csomag mindig teljesen szem\u00e9lyre szabott. Itt nincsenek el\u0151re megadott keretek: az oldal megjelen\u00e9s\u00e9t, tartalm\u00e1t \u00e9s fel\u00e9p\u00edt\u00e9s\u00e9t k\u00f6z\u00f6sen alak\u00edtjuk ki. Lehet benne fot\u00f3gal\u00e9ria, vide\u00f3k, kedvenc zen\u00e9k, hang\u00fczenetek, csal\u00e1dfa vagy ak\u00e1r t\u00f6bbnyelv\u0171 tartalom is \u2013 minden azon m\u00falik, te hogyan szeretn\u00e9d meg\u0151rizni a t\u00f6rt\u00e9netet.<\/p><p data-start=\"624\" data-end=\"819\">Ez a csomag azoknak sz\u00f3l, akik a legteljesebb form\u00e1ban szeretn\u00e9k megmutatni szerett\u00fck \u00e9let\u00e9t, \u00e9s olyan digit\u00e1lis eml\u00e9koldalt keresnek, amely gener\u00e1ci\u00f3kon \u00e1t\u00edvel\u0151en is m\u00e9lt\u00f3 \u00e9s k\u00fcl\u00f6nleges marad.<\/p>\t\t\t\t\t\t\t\t<\/div>\n\t\t\t\t<\/div>\n\t\t\t\t<div class=\"elementor-element elementor-element-8a98be0 elementor-align-left elementor-widget__width-initial elementor-tablet-align-center elementor-mobile-align-justify elementor-widget elementor-widget-button\" data-id=\"8a98be0\" data-element_type=\"widget\" data-widget_type=\"button.default\">\n\t\t\t\t<div class=\"elementor-widget-container\">\n\t\t\t\t\t\t\t\t\t<div class=\"elementor-button-wrapper\">\n\t\t\t\t\t<a class=\"elementor-button elementor-button-link elementor-size-sm\" href=\"https:\/\/mementoqr.eu\/rendeles\/\">\n\t\t\t\t\t\t<span class=\"elementor-button-content-wrapper\">\n\t\t\t\t\t\t\t\t\t<span class=\"elementor-button-text\">Kos\u00e1rba helyezem<\/span>\n\t\t\t\t\t<\/span>\n\t\t\t\t\t<\/a>\n\t\t\t\t<\/div>\n\t\t\t\t\t\t\t\t<\/div>\n\t\t\t\t<\/div>\n\t\t\t\t<\/div>\n\t\t<div class=\"elementor-element elementor-element-bb94e4e e-con-full e-flex e-con e-child\" data-id=\"bb94e4e\" data-element_type=\"container\" data-settings=\"{&quot;_ha_eqh_enable&quot;:false}\">\n\t\t<div class=\"elementor-element elementor-element-7dc1495 e-con-full e-flex e-con e-child\" data-id=\"7dc1495\" data-element_type=\"container\" data-settings=\"{&quot;_ha_eqh_enable&quot;:false}\">\n\t\t\t\t<div class=\"elementor-element elementor-element-10a047d elementor-widget__width-initial elementor-widget elementor-widget-text-editor\" data-id=\"10a047d\" data-element_type=\"widget\" data-widget_type=\"text-editor.default\">\n\t\t\t\t<div class=\"elementor-widget-container\">\n\t\t\t\t\t\t\t\t\t<p>Fontos tudnival\u00f3<\/p>\t\t\t\t\t\t\t\t<\/div>\n\t\t\t\t<\/div>\n\t\t\t\t<div class=\"elementor-element elementor-element-1fc9ccb elementor-widget__width-initial elementor-widget elementor-widget-text-editor\" data-id=\"1fc9ccb\" data-element_type=\"widget\" data-widget_type=\"text-editor.default\">\n\t\t\t\t<div class=\"elementor-widget-container\">\n\t\t\t\t\t\t\t\t\t<p data-start=\"1340\" data-end=\"1369\">Az oldalon bemutatott eml\u00e9koldalakat kiz\u00e1r\u00f3lag a megrendel\u0151ik kifejezett hozz\u00e1j\u00e1rul\u00e1s\u00e1val tessz\u00fck k\u00f6zz\u00e9. Azok az eml\u00e9koldalak, amelyek nem ker\u00fclnek publik\u00e1l\u00e1sra, tov\u00e1bbra is biztons\u00e1gban \u00e9s csak a csal\u00e1d \u00e1ltal megadott hozz\u00e1f\u00e9r\u00e9ssel \u00e9rhet\u0151k el.<\/p>\t\t\t\t\t\t\t\t<\/div>\n\t\t\t\t<\/div>\n\t\t\t\t<\/div>\n\t\t<div class=\"elementor-element elementor-element-5b75447 e-con-full e-flex e-con e-child\" data-id=\"5b75447\" data-element_type=\"container\" data-settings=\"{&quot;_ha_eqh_enable&quot;:false}\">\n\t\t\t\t<div class=\"elementor-element elementor-element-fb6c3ed elementor-align-left elementor-widget__width-initial elementor-mobile-align-justify elementor-widget elementor-widget-button\" data-id=\"fb6c3ed\" data-element_type=\"widget\" data-widget_type=\"button.default\">\n\t\t\t\t<div class=\"elementor-widget-container\">\n\t\t\t\t\t\t\t\t\t<div class=\"elementor-button-wrapper\">\n\t\t\t\t\t<a class=\"elementor-button elementor-button-link elementor-size-sm\" href=\"https:\/\/mementoqr.eu\/folos\" target=\"_blank\">\n\t\t\t\t\t\t<span class=\"elementor-button-content-wrapper\">\n\t\t\t\t\t\t\t\t\t<span class=\"elementor-button-text\">Batki J\u00f3zsef eml\u00e9koldala<\/span>\n\t\t\t\t\t<\/span>\n\t\t\t\t\t<\/a>\n\t\t\t\t<\/div>\n\t\t\t\t\t\t\t\t<\/div>\n\t\t\t\t<\/div>\n\t\t\t\t<div class=\"elementor-element elementor-element-dda6e43 elementor-align-left elementor-widget__width-initial elementor-mobile-align-justify elementor-widget elementor-widget-button\" data-id=\"dda6e43\" data-element_type=\"widget\" data-widget_type=\"button.default\">\n\t\t\t\t<div class=\"elementor-widget-container\">\n\t\t\t\t\t\t\t\t\t<div class=\"elementor-button-wrapper\">\n\t\t\t\t\t<a class=\"elementor-button elementor-button-link elementor-size-sm\" href=\"https:\/\/mementoqr.eu\/hu\/emlekoldal\/czipo-eva\/\" target=\"_blank\">\n\t\t\t\t\t\t<span class=\"elementor-button-content-wrapper\">\n\t\t\t\t\t\t\t\t\t<span class=\"elementor-button-text\">Czip\u00f3 \u00c9va eml\u00e9koldala<\/span>\n\t\t\t\t\t<\/span>\n\t\t\t\t\t<\/a>\n\t\t\t\t<\/div>\n\t\t\t\t\t\t\t\t<\/div>\n\t\t\t\t<\/div>\n\t\t\t\t<div class=\"elementor-element elementor-element-7de59ad elementor-align-left elementor-widget__width-initial elementor-mobile-align-justify elementor-widget elementor-widget-button\" data-id=\"7de59ad\" data-element_type=\"widget\" data-widget_type=\"button.default\">\n\t\t\t\t<div class=\"elementor-widget-container\">\n\t\t\t\t\t\t\t\t\t<div class=\"elementor-button-wrapper\">\n\t\t\t\t\t<a class=\"elementor-button elementor-button-link elementor-size-sm\" href=\"https:\/\/mementoqr.eu\/hu\/emlekoldal\/xko48z59rl\/\" target=\"_blank\">\n\t\t\t\t\t\t<span class=\"elementor-button-content-wrapper\">\n\t\t\t\t\t\t\t\t\t<span class=\"elementor-button-text\">Tot\u00f3 kutyus eml\u00e9koldala<\/span>\n\t\t\t\t\t<\/span>\n\t\t\t\t\t<\/a>\n\t\t\t\t<\/div>\n\t\t\t\t\t\t\t\t<\/div>\n\t\t\t\t<\/div>\n\t\t\t\t<\/div>\n\t\t\t\t<\/div>\n\t\t\t\t<\/div>\n\t\t\t\t<\/div>\n\t\t\t\t<\/div>\n\t\t","protected":false},"excerpt":{"rendered":"<p>Eml\u00e9koldalak T\u00f6rt\u00e9netek a nevek \u00e9s d\u00e1tumok m\u00f6g\u00f6tt Az eml\u00e9koldalak seg\u00edts\u00e9g\u00e9vel a hagyom\u00e1nyos eml\u00e9kt\u00e1bl\u00e1kon t\u00fal \u00e9letre kelnek a t\u00f6rt\u00e9netek, a k\u00f6z\u00f6s pillanatok \u00e9s a f\u00e9ltett eml\u00e9kek. Legyen sz\u00f3 f\u00e9nyk\u00e9pekr\u0151l, sz\u00f6vegekr\u0151l, zen\u00e9r\u0151l vagy ak\u00e1r csal\u00e1df\u00e1r\u00f3l, mindez egy m\u00e9lt\u00f3 \u00e9s biztons\u00e1gos digit\u00e1lis fel\u00fcleten kap helyet. Az al\u00e1bbi p\u00e9ld\u00e1k megmutatj\u00e1k, hogyan n\u00e9znek ki a k\u00fcl\u00f6nb\u00f6z\u0151 csomagok \u2013 az egyszer\u0171bb, [&hellip;]<\/p>\n","protected":false},"author":1,"featured_media":0,"parent":0,"menu_order":0,"comment_status":"closed","ping_status":"closed","template":"elementor_header_footer","meta":{"_seopress_robots_primary_cat":"","_seopress_titles_title":"Eml\u00e9koldalak","_seopress_titles_desc":"Enged\u00e9llyel megosztott digit\u00e1lis eml\u00e9koldalaink v\u00e1logat\u00e1sa. Val\u00f3di t\u00f6rt\u00e9netek, k\u00e9pek \u00e9s vide\u00f3k \u2013 n\u00e9zd meg, hogyan \u0151rizz\u00fck m\u00e9lt\u00f3n a szerettek eml\u00e9k\u00e9t.","_seopress_robots_index":"","site-sidebar-layout":"no-sidebar","site-content-layout":"page-builder","ast-site-content-layout":"full-width-container","site-content-style":"default","site-sidebar-style":"default","ast-global-header-display":"","ast-banner-title-visibility":"","ast-main-header-display":"","ast-hfb-above-header-display":"","ast-hfb-below-header-display":"","ast-hfb-mobile-header-display":"","site-post-title":"disabled","ast-breadcrumbs-content":"","ast-featured-img":"disabled","footer-sml-layout":"","theme-transparent-header-meta":"","adv-header-id-meta":"","stick-header-meta":"","header-above-stick-meta":"","header-main-stick-meta":"","header-below-stick-meta":"","astra-migrate-meta-layouts":"set","ast-page-background-enabled":"default","ast-page-background-meta":{"desktop":{"background-color":"var(--ast-global-color-4)","background-image":"","background-repeat":"repeat","background-position":"center center","background-size":"auto","background-attachment":"scroll","background-type":"","background-media":"","overlay-type":"","overlay-color":"","overlay-opacity":"","overlay-gradient":""},"tablet":{"background-color":"","background-image":"","background-repeat":"repeat","background-position":"center center","background-size":"auto","background-attachment":"scroll","background-type":"","background-media":"","overlay-type":"","overlay-color":"","overlay-opacity":"","overlay-gradient":""},"mobile":{"background-color":"","background-image":"","background-repeat":"repeat","background-position":"center center","background-size":"auto","background-attachment":"scroll","background-type":"","background-media":"","overlay-type":"","overlay-color":"","overlay-opacity":"","overlay-gradient":""}},"ast-content-background-meta":{"desktop":{"background-color":"var(--ast-global-color-5)","background-image":"","background-repeat":"repeat","background-position":"center center","background-size":"auto","background-attachment":"scroll","background-type":"","background-media":"","overlay-type":"","overlay-color":"","overlay-opacity":"","overlay-gradient":""},"tablet":{"background-color":"var(--ast-global-color-5)","background-image":"","background-repeat":"repeat","background-position":"center center","background-size":"auto","background-attachment":"scroll","background-type":"","background-media":"","overlay-type":"","overlay-color":"","overlay-opacity":"","overlay-gradient":""},"mobile":{"background-color":"var(--ast-global-color-5)","background-image":"","background-repeat":"repeat","background-position":"center center","background-size":"auto","background-attachment":"scroll","background-type":"","background-media":"","overlay-type":"","overlay-color":"","overlay-opacity":"","overlay-gradient":""}},"footnotes":""},"class_list":["post-6126","page","type-page","status-publish","hentry"],"jetpack_sharing_enabled":true,"_links":{"self":[{"href":"https:\/\/mementoqr.eu\/hu\/wp-json\/wp\/v2\/pages\/6126","targetHints":{"allow":["GET"]}}],"collection":[{"href":"https:\/\/mementoqr.eu\/hu\/wp-json\/wp\/v2\/pages"}],"about":[{"href":"https:\/\/mementoqr.eu\/hu\/wp-json\/wp\/v2\/types\/page"}],"author":[{"embeddable":true,"href":"https:\/\/mementoqr.eu\/hu\/wp-json\/wp\/v2\/users\/1"}],"replies":[{"embeddable":true,"href":"https:\/\/mementoqr.eu\/hu\/wp-json\/wp\/v2\/comments?post=6126"}],"version-history":[{"count":3,"href":"https:\/\/mementoqr.eu\/hu\/wp-json\/wp\/v2\/pages\/6126\/revisions"}],"predecessor-version":[{"id":7486,"href":"https:\/\/mementoqr.eu\/hu\/wp-json\/wp\/v2\/pages\/6126\/revisions\/7486"}],"wp:attachment":[{"href":"https:\/\/mementoqr.eu\/hu\/wp-json\/wp\/v2\/media?parent=6126"}],"curies":[{"name":"wp","href":"https:\/\/api.w.org\/{rel}","templated":true}]}}