{"id":7107,"date":"2025-09-15T18:41:21","date_gmt":"2025-09-15T16:41:21","guid":{"rendered":"https:\/\/mementoqr.eu\/?page_id=7107"},"modified":"2025-10-05T21:41:37","modified_gmt":"2025-10-05T19:41:37","slug":"partnereink","status":"publish","type":"page","link":"https:\/\/mementoqr.eu\/hu\/partnereink\/","title":{"rendered":"Partnereink"},"content":{"rendered":"\t\t<div data-elementor-type=\"wp-page\" data-elementor-id=\"7107\" class=\"elementor elementor-7107\" data-elementor-settings=\"{&quot;ha_cmc_init_switcher&quot;:&quot;no&quot;}\" data-elementor-post-type=\"page\">\n\t\t\t\t<div class=\"elementor-element elementor-element-892afd6 e-con-full e-flex e-con e-parent\" data-id=\"892afd6\" data-element_type=\"container\" data-settings=\"{&quot;background_background&quot;:&quot;classic&quot;,&quot;_ha_eqh_enable&quot;:false}\">\n\t\t\t\t<div class=\"elementor-element elementor-element-6e94307 elementor-widget elementor-widget-heading\" data-id=\"6e94307\" data-element_type=\"widget\" data-widget_type=\"heading.default\">\n\t\t\t\t<div class=\"elementor-widget-container\">\n\t\t\t\t\t<h1 class=\"elementor-heading-title elementor-size-default\">Partnereink<\/h1>\t\t\t\t<\/div>\n\t\t\t\t<\/div>\n\t\t\t\t<\/div>\n\t\t<div class=\"elementor-element elementor-element-8946642 e-con-full e-flex e-con e-parent\" data-id=\"8946642\" data-element_type=\"container\" data-settings=\"{&quot;background_background&quot;:&quot;classic&quot;,&quot;_ha_eqh_enable&quot;:false}\">\n\t\t\t\t<div class=\"elementor-element elementor-element-627ccff elementor-widget elementor-widget-heading\" data-id=\"627ccff\" data-element_type=\"widget\" data-widget_type=\"heading.default\">\n\t\t\t\t<div class=\"elementor-widget-container\">\n\t\t\t\t\t<h2 class=\"elementor-heading-title elementor-size-default\">Az al\u00e1bbi list\u00e1ban megb\u00edzhat\u00f3 temetkez\u00e9si szolg\u00e1ltat\u00f3kat \u00e9s s\u00edrk\u0151k\u00e9sz\u00edt\u0151 m\u0171helyeket tal\u00e1lsz, akikn\u00e9l a MementoQR szolg\u00e1ltat\u00e1s is el\u00e9rhet\u0151. A lista c\u00e9lja, hogy k\u00f6nnyen megtal\u00e1ld a hozz\u00e1d legk\u00f6zelebbi szakembert, \u00e9s egy\u00fattal n\u00f6velj\u00fck partnereink l\u00e1that\u00f3s\u00e1g\u00e1t.<\/h2>\t\t\t\t<\/div>\n\t\t\t\t<\/div>\n\t\t<div class=\"elementor-element elementor-element-4d7a84c e-con-full e-flex e-con e-child\" data-id=\"4d7a84c\" data-element_type=\"container\" data-settings=\"{&quot;_ha_eqh_enable&quot;:false}\">\n\t\t<div class=\"elementor-element elementor-element-83024ef e-con-full e-flex e-con e-child\" data-id=\"83024ef\" data-element_type=\"container\" data-settings=\"{&quot;_ha_eqh_enable&quot;:false}\">\n\t\t\t\t<div class=\"elementor-element elementor-element-572476b elementor-widget elementor-widget-heading\" data-id=\"572476b\" data-element_type=\"widget\" data-widget_type=\"heading.default\">\n\t\t\t\t<div class=\"elementor-widget-container\">\n\t\t\t\t\t<h2 class=\"elementor-heading-title elementor-size-default\">S\u00edrk\u0151 k\u00e9sz\u00edt\u0151k<\/h2>\t\t\t\t<\/div>\n\t\t\t\t<\/div>\n\t\t<div class=\"elementor-element elementor-element-49dbfa9 e-con-full e-flex e-con e-child\" data-id=\"49dbfa9\" data-element_type=\"container\" data-settings=\"{&quot;background_background&quot;:&quot;classic&quot;,&quot;_ha_eqh_enable&quot;:false}\">\n\t\t<div class=\"elementor-element elementor-element-44f8761 e-con-full e-flex e-con e-child\" data-id=\"44f8761\" data-element_type=\"container\" data-settings=\"{&quot;_ha_eqh_enable&quot;:false}\">\n\t\t\t\t<div class=\"elementor-element elementor-element-8a2c90e elementor-widget__width-initial elementor-widget elementor-widget-heading\" data-id=\"8a2c90e\" data-element_type=\"widget\" data-widget_type=\"heading.default\">\n\t\t\t\t<div class=\"elementor-widget-container\">\n\t\t\t\t\t<h2 class=\"elementor-heading-title elementor-size-default\">B\u00e1lint - k\u0151<\/h2>\t\t\t\t<\/div>\n\t\t\t\t<\/div>\n\t\t\t\t<div class=\"elementor-element elementor-element-4804fd3 elementor-widget__width-initial elementor-widget elementor-widget-heading\" data-id=\"4804fd3\" data-element_type=\"widget\" data-widget_type=\"heading.default\">\n\t\t\t\t<div class=\"elementor-widget-container\">\n\t\t\t\t\t<h2 class=\"elementor-heading-title elementor-size-default\">K\u0151farag\u00f3 m\u0171hely<\/h2>\t\t\t\t<\/div>\n\t\t\t\t<\/div>\n\t\t\t\t<div class=\"elementor-element elementor-element-4452af4 elementor-widget__width-initial elementor-widget elementor-widget-heading\" data-id=\"4452af4\" data-element_type=\"widget\" data-widget_type=\"heading.default\">\n\t\t\t\t<div class=\"elementor-widget-container\">\n\t\t\t\t\t<h2 class=\"elementor-heading-title elementor-size-default\">3374 Dorm\u00e1nd D\u00f3zsa \u00fat 89<\/h2>\t\t\t\t<\/div>\n\t\t\t\t<\/div>\n\t\t\t\t<div class=\"elementor-element elementor-element-f0731a5 elementor-align-center elementor-widget__width-initial elementor-widget elementor-widget-button\" data-id=\"f0731a5\" data-element_type=\"widget\" data-widget_type=\"button.default\">\n\t\t\t\t<div class=\"elementor-widget-container\">\n\t\t\t\t\t\t\t\t\t<div class=\"elementor-button-wrapper\">\n\t\t\t\t\t<a class=\"elementor-button elementor-button-link elementor-size-sm\" href=\"https:\/\/balint-ko.hu\" target=\"_blank\">\n\t\t\t\t\t\t<span class=\"elementor-button-content-wrapper\">\n\t\t\t\t\t\t\t\t\t<span class=\"elementor-button-text\">balint-ko.hu<\/span>\n\t\t\t\t\t<\/span>\n\t\t\t\t\t<\/a>\n\t\t\t\t<\/div>\n\t\t\t\t\t\t\t\t<\/div>\n\t\t\t\t<\/div>\n\t\t\t\t<\/div>\n\t\t\t\t<\/div>\n\t\t\t\t<\/div>\n\t\t<div class=\"elementor-element elementor-element-5e73212 e-con-full e-flex e-con e-child\" data-id=\"5e73212\" data-element_type=\"container\" data-settings=\"{&quot;_ha_eqh_enable&quot;:false}\">\n\t\t\t\t<div class=\"elementor-element elementor-element-abffb29 elementor-widget elementor-widget-heading\" data-id=\"abffb29\" data-element_type=\"widget\" data-widget_type=\"heading.default\">\n\t\t\t\t<div class=\"elementor-widget-container\">\n\t\t\t\t\t<h2 class=\"elementor-heading-title elementor-size-default\">Temetkez\u00e9si v\u00e1llalkoz\u00f3k<\/h2>\t\t\t\t<\/div>\n\t\t\t\t<\/div>\n\t\t<div class=\"elementor-element elementor-element-bffc4ba e-con-full e-flex e-con e-child\" data-id=\"bffc4ba\" data-element_type=\"container\" data-settings=\"{&quot;background_background&quot;:&quot;classic&quot;,&quot;_ha_eqh_enable&quot;:false}\">\n\t\t<div class=\"elementor-element elementor-element-5396248 e-con-full e-flex e-con e-child\" data-id=\"5396248\" data-element_type=\"container\" data-settings=\"{&quot;_ha_eqh_enable&quot;:false}\">\n\t\t\t\t<div class=\"elementor-element elementor-element-96a482b elementor-widget__width-initial elementor-widget elementor-widget-heading\" data-id=\"96a482b\" data-element_type=\"widget\" data-widget_type=\"heading.default\">\n\t\t\t\t<div class=\"elementor-widget-container\">\n\t\t\t\t\t<h2 class=\"elementor-heading-title elementor-size-default\">V\u00e1rjuk els\u0151 partnereinket<\/h2>\t\t\t\t<\/div>\n\t\t\t\t<\/div>\n\t\t\t\t<\/div>\n\t\t\t\t<\/div>\n\t\t\t\t<\/div>\n\t\t\t\t<\/div>\n\t\t\t\t<\/div>\n\t\t<div class=\"elementor-element elementor-element-e8e8473 e-con-full e-flex e-con e-parent\" data-id=\"e8e8473\" data-element_type=\"container\" data-settings=\"{&quot;background_background&quot;:&quot;classic&quot;,&quot;_ha_eqh_enable&quot;:false}\">\n\t\t\t\t<div class=\"elementor-element elementor-element-30ea4f3 elementor-widget elementor-widget-heading\" data-id=\"30ea4f3\" data-element_type=\"widget\" data-widget_type=\"heading.default\">\n\t\t\t\t<div class=\"elementor-widget-container\">\n\t\t\t\t\t<h1 class=\"elementor-heading-title elementor-size-default\">Csatlakozz partnerk\u00e9nt<\/h1>\t\t\t\t<\/div>\n\t\t\t\t<\/div>\n\t\t\t\t<\/div>\n\t\t<div class=\"elementor-element elementor-element-e2380f2 e-con-full e-flex e-con e-parent\" data-id=\"e2380f2\" data-element_type=\"container\" data-settings=\"{&quot;background_background&quot;:&quot;classic&quot;,&quot;_ha_eqh_enable&quot;:false}\">\n\t\t\t\t<div class=\"elementor-element elementor-element-cb4b405 elementor-widget__width-initial elementor-widget elementor-widget-heading\" data-id=\"cb4b405\" data-element_type=\"widget\" data-widget_type=\"heading.default\">\n\t\t\t\t<div class=\"elementor-widget-container\">\n\t\t\t\t\t<h2 class=\"elementor-heading-title elementor-size-default\">A MementoQR c\u00e9lja, hogy a m\u00e9lt\u00f3 eml\u00e9kez\u00e9s modern form\u00e1j\u00e1t min\u00e9l t\u00f6bb helyen el\u00e9rhet\u0151v\u00e9 tegye. Temetkez\u00e9si v\u00e1llalkoz\u00f3kat, s\u00edrk\u0151k\u00e9sz\u00edt\u0151ket \u00e9s kegyeleti szolg\u00e1ltat\u00f3kat keres\u00fcnk hossz\u00fa t\u00e1v\u00fa egy\u00fcttm\u0171k\u00f6d\u00e9sre.<\/h2>\t\t\t\t<\/div>\n\t\t\t\t<\/div>\n\t\t\t\t<div class=\"elementor-element elementor-element-7668bf4 elementor-widget__width-initial elementor-widget elementor-widget-heading\" data-id=\"7668bf4\" data-element_type=\"widget\" data-widget_type=\"heading.default\">\n\t\t\t\t<div class=\"elementor-widget-container\">\n\t\t\t\t\t<h2 class=\"elementor-heading-title elementor-size-default\">Mi\u00e9rt \u00e9rdemes csatlakozni?<\/h2>\t\t\t\t<\/div>\n\t\t\t\t<\/div>\n\t\t<div class=\"elementor-element elementor-element-081fc6c e-con-full e-flex e-con e-child\" data-id=\"081fc6c\" data-element_type=\"container\" data-settings=\"{&quot;background_background&quot;:&quot;classic&quot;,&quot;_ha_eqh_enable&quot;:false}\">\n\t\t<div class=\"elementor-element elementor-element-ae54750 e-con-full e-flex e-con e-child\" data-id=\"ae54750\" data-element_type=\"container\" data-settings=\"{&quot;_ha_eqh_enable&quot;:false}\">\n\t\t\t\t<div class=\"elementor-element elementor-element-3a35b50 elementor-widget__width-initial elementor-widget elementor-widget-heading\" data-id=\"3a35b50\" data-element_type=\"widget\" data-widget_type=\"heading.default\">\n\t\t\t\t<div class=\"elementor-widget-container\">\n\t\t\t\t\t<h2 class=\"elementor-heading-title elementor-size-default\">Szolg\u00e1ltat\u00e1sb\u0151v\u00edt\u00e9s: QR\/NFC eml\u00e9kt\u00e1bl\u00e1k \u00e9s digit\u00e1lis eml\u00e9koldalak bevezet\u00e9se.<br>T\u00f6bb megkeres\u00e9s: megjelen\u00e9s a MementoQR partnerlist\u00e1ban \u00e9s aj\u00e1nl\u00e1sok.<br>Anyagainkhoz hozz\u00e1f\u00e9r\u00e9s: bemutat\u00f3k\u00e9pek, mint\u00e1k, r\u00f6vid ismertet\u0151k, felhelyez\u00e9si \u00fatmutat\u00f3.<\/h2>\t\t\t\t<\/div>\n\t\t\t\t<\/div>\n\t\t\t\t<\/div>\n\t\t\t\t<\/div>\n\t\t\t\t<div class=\"elementor-element elementor-element-ef2cfdb elementor-widget__width-initial elementor-widget elementor-widget-heading\" data-id=\"ef2cfdb\" data-element_type=\"widget\" data-widget_type=\"heading.default\">\n\t\t\t\t<div class=\"elementor-widget-container\">\n\t\t\t\t\t<h2 class=\"elementor-heading-title elementor-size-default\">Hogyan m\u0171k\u00f6dik az egy\u00fcttm\u0171k\u00f6d\u00e9s?<\/h2>\t\t\t\t<\/div>\n\t\t\t\t<\/div>\n\t\t<div class=\"elementor-element elementor-element-a4e4a33 e-con-full e-flex e-con e-child\" data-id=\"a4e4a33\" data-element_type=\"container\" data-settings=\"{&quot;background_background&quot;:&quot;classic&quot;,&quot;_ha_eqh_enable&quot;:false}\">\n\t\t<div class=\"elementor-element elementor-element-ec0b8c9 e-con-full e-flex e-con e-child\" data-id=\"ec0b8c9\" data-element_type=\"container\" data-settings=\"{&quot;_ha_eqh_enable&quot;:false}\">\n\t\t\t\t<div class=\"elementor-element elementor-element-cd4815f elementor-widget__width-initial elementor-widget elementor-widget-heading\" data-id=\"cd4815f\" data-element_type=\"widget\" data-widget_type=\"heading.default\">\n\t\t\t\t<div class=\"elementor-widget-container\">\n\t\t\t\t\t<h2 class=\"elementor-heading-title elementor-size-default\">1. Jelentkez\u00e9s r\u00f6vid \u0171rlapon vagy e-mailben<br>2. Gyors egyeztet\u00e9s<br>3. Megjelen\u00e9s a partnerlist\u00e1ban + indul\u00f3 anyagok \u00e1tad\u00e1sa<\/h2>\t\t\t\t<\/div>\n\t\t\t\t<\/div>\n\t\t\t\t<\/div>\n\t\t\t\t<\/div>\n\t\t\t\t<\/div>\n\t\t<div class=\"elementor-element elementor-element-42ce378 e-con-full e-flex e-con e-parent\" data-id=\"42ce378\" data-element_type=\"container\" data-settings=\"{&quot;background_background&quot;:&quot;classic&quot;,&quot;_ha_eqh_enable&quot;:false}\">\n\t\t\t\t<div class=\"elementor-element elementor-element-d55b716 elementor-widget elementor-widget-heading\" data-id=\"d55b716\" data-element_type=\"widget\" data-widget_type=\"heading.default\">\n\t\t\t\t<div class=\"elementor-widget-container\">\n\t\t\t\t\t<h1 class=\"elementor-heading-title elementor-size-default\">Weboldal k\u00e9sz\u00edt\u00e9s partnereinknek <\/h1>\t\t\t\t<\/div>\n\t\t\t\t<\/div>\n\t\t\t\t<\/div>\n\t\t<div class=\"elementor-element elementor-element-1f7d8cc e-con-full e-flex e-con e-parent\" data-id=\"1f7d8cc\" data-element_type=\"container\" data-settings=\"{&quot;background_background&quot;:&quot;classic&quot;,&quot;_ha_eqh_enable&quot;:false}\">\n\t\t\t\t<div class=\"elementor-element elementor-element-8c4a4c6 elementor-widget elementor-widget-heading\" data-id=\"8c4a4c6\" data-element_type=\"widget\" data-widget_type=\"heading.default\">\n\t\t\t\t<div class=\"elementor-widget-container\">\n\t\t\t\t\t<h2 class=\"elementor-heading-title elementor-size-default\">Nincs modern weboldalad, vagy elavult a r\u00e9gi?<\/h2>\t\t\t\t<\/div>\n\t\t\t\t<\/div>\n\t\t\t\t<div class=\"elementor-element elementor-element-85499a5 elementor-widget__width-initial elementor-widget elementor-widget-heading\" data-id=\"85499a5\" data-element_type=\"widget\" data-widget_type=\"heading.default\">\n\t\t\t\t<div class=\"elementor-widget-container\">\n\t\t\t\t\t<h2 class=\"elementor-heading-title elementor-size-default\">Partnereinknek kedvezm\u00e9nyes weboldal-k\u00e9sz\u00edt\u00e9st biztos\u00edtunk.<br>Belef\u00e9rhet: egyoldalas bemutatkoz\u00f3 vagy b\u0151v\u00edthet\u0151 honlap, alap SEO-be\u00e1ll\u00edt\u00e1sok, kapcsolatfelv\u00e9teli \u0171rlap, t\u00e9rk\u00e9pes el\u00e9rhet\u0151s\u00e9g, gyorsas\u00e1g-optimaliz\u00e1l\u00e1s.<br>Cser\u00e9be k\u00e9rj\u00fck a MementoQR partnerlog\u00f3 \u00e9s link elhelyez\u00e9s\u00e9t, valamint r\u00f6vid k\u00f6z\u00f6s bemutat\u00e1st az oldalatokon.<\/h2>\t\t\t\t<\/div>\n\t\t\t\t<\/div>\n\t\t<div class=\"elementor-element elementor-element-f76e459 e-con-full e-flex e-con e-child\" data-id=\"f76e459\" data-element_type=\"container\" data-settings=\"{&quot;background_background&quot;:&quot;classic&quot;,&quot;_ha_eqh_enable&quot;:false}\">\n\t\t\t\t<div class=\"elementor-element elementor-element-461d3a0 fluentform-widget-submit-button-center elementor-widget__width-initial elementor-widget-mobile__width-inherit fluent-form-widget-step-header-yes fluent-form-widget-step-progressbar-yes fluentform-widget-submit-button-custom elementor-widget elementor-widget-fluent-form-widget\" data-id=\"461d3a0\" data-element_type=\"widget\" data-widget_type=\"fluent-form-widget.default\">\n\t\t\t\t<div class=\"elementor-widget-container\">\n\t\t\t\t\t\n            <div class=\"fluentform-widget-wrapper fluentform-widget-align-center\">\n\n            \n            <div class='fluentform ff-default fluentform_wrapper_3 ffs_default_wrap'><form data-form_id=\"3\" id=\"fluentform_3\" class=\"frm-fluent-form fluent_form_3 ff-el-form-top ff_form_instance_3_1 ff-form-loading ffs_default\" data-form_instance=\"ff_form_instance_3_1\" method=\"POST\" ><fieldset  style=\"border: none!important;margin: 0!important;padding: 0!important;background-color: transparent!important;box-shadow: none!important;outline: none!important; min-inline-size: 100%;\">\n                    <legend class=\"ff_screen_reader_title\" style=\"display: block; margin: 0!important;padding: 0!important;height: 0!important;text-indent: -999999px;width: 0!important;overflow:hidden;\">Form_HU<\/legend><input type='hidden' name='__fluent_form_embded_post_id' value='7107' \/><input type=\"hidden\" id=\"_fluentform_3_fluentformnonce\" name=\"_fluentform_3_fluentformnonce\" value=\"0112c682b1\" \/><input type=\"hidden\" name=\"_wp_http_referer\" value=\"\/hu\/wp-json\/wp\/v2\/pages\/7107\" \/><div data-type=\"name-element\" data-name=\"names\" class=\" ff-field_container ff-name-field-wrapper\" ><div class='ff-t-container'><div class='ff-t-cell '><div class='ff-el-group'><div class=\"ff-el-input--label ff-el-is-required asterisk-right\"><label for='ff_3_names_first_name_' >Vezet\u00e9kn\u00e9v<\/label><\/div><div class='ff-el-input--content'><input type=\"text\" name=\"names[first_name]\" id=\"ff_3_names_first_name_\" class=\"ff-el-form-control\" aria-invalid=\"false\" aria-required=true><\/div><\/div><\/div><div class='ff-t-cell '><div class='ff-el-group'><div class=\"ff-el-input--label ff-el-is-required asterisk-right\"><label for='ff_3_names_last_name_' >Keresztn\u00e9v<\/label><\/div><div class='ff-el-input--content'><input type=\"text\" name=\"names[last_name]\" id=\"ff_3_names_last_name_\" class=\"ff-el-form-control\" aria-invalid=\"false\" aria-required=true><\/div><\/div><\/div><\/div><\/div><div class='ff-el-group'><div class=\"ff-el-input--label ff-el-is-required asterisk-right\"><label for='ff_3_email' aria-label=\"Email\">Email<\/label><\/div><div class='ff-el-input--content'><input type=\"email\" name=\"email\" id=\"ff_3_email\" class=\"ff-el-form-control\" data-name=\"email\"  aria-invalid=\"false\" aria-required=true><\/div><\/div><div class='ff-el-group'><div class=\"ff-el-input--label asterisk-right\"><label for='ff_3_subject' aria-label=\"T\u00e1rgy\">T\u00e1rgy<\/label><\/div><div class='ff-el-input--content'><input type=\"text\" name=\"subject\" class=\"ff-el-form-control\" data-name=\"subject\" id=\"ff_3_subject\"  aria-invalid=\"false\" aria-required=false><\/div><\/div><div class='ff-el-group'><div class=\"ff-el-input--label ff-el-is-required asterisk-right\"><label for='ff_3_message' aria-label=\"\u00dczenet\">\u00dczenet<\/label><\/div><div class='ff-el-input--content'><textarea aria-invalid=\"false\" aria-required=true name=\"message\" id=\"ff_3_message\" class=\"ff-el-form-control\" rows=\"4\" cols=\"2\" data-name=\"message\" ><\/textarea><\/div><\/div><div class='ff-el-group ff-text-center ff_submit_btn_wrapper'><button type=\"submit\" class=\"ff-btn ff-btn-submit ff-btn-lg ff_btn_style wpf_has_custom_css\" >K\u00fcld\u00e9s<\/button><\/div><\/fieldset><\/form><div id='fluentform_3_errors' class='ff-errors-in-stack ff_form_instance_3_1 ff-form-loading_errors ff_form_instance_3_1_errors'><\/div><\/div>            <script type=\"text\/javascript\">\n                window.fluent_form_ff_form_instance_3_1 = {\"id\":\"3\",\"settings\":{\"layout\":{\"labelPlacement\":\"top\",\"helpMessagePlacement\":\"with_label\",\"errorMessagePlacement\":\"inline\",\"cssClassName\":\"\",\"asteriskPlacement\":\"asterisk-right\"},\"restrictions\":{\"denyEmptySubmission\":{\"enabled\":false}}},\"form_instance\":\"ff_form_instance_3_1\",\"form_id_selector\":\"fluentform_3\",\"rules\":{\"names[first_name]\":{\"required\":{\"value\":true,\"message\":\"K\\u00f6telez\\u0151 kit\\u00f6lteni!\",\"global\":false,\"global_message\":\"This field is required\"}},\"names[middle_name]\":{\"required\":{\"value\":false,\"message\":\"Ez egy k\\u00f6telez\\u0151 mez\\u0151\",\"global\":true,\"global_message\":\"This field is required\"}},\"names[last_name]\":{\"required\":{\"value\":true,\"message\":\"K\\u00f6telez\\u0151 kit\\u00f6lteni!\",\"global\":false,\"global_message\":\"This field is required\"}},\"email\":{\"required\":{\"value\":true,\"message\":\"K\\u00f6telez\\u0151 kit\\u00f6lteni!\",\"global\":false,\"global_message\":\"This field is required\"},\"email\":{\"value\":true,\"message\":\"K\\u00e9rem adjon meg \\u00e9rv\\u00e9nyes email c\\u00edmet!\",\"global\":false,\"global_message\":\"This field must contain a valid email\"}},\"subject\":{\"required\":{\"value\":false,\"message\":\"Ez egy k\\u00f6telez\\u0151 mez\\u0151\",\"global\":true,\"global_message\":\"This field is required\"}},\"message\":{\"required\":{\"value\":true,\"message\":\"Nem hagyhat\\u00f3 \\u00fcresen!\",\"global\":false,\"global_message\":\"This field is required\"}}},\"debounce_time\":300};\n                            <\/script>\n                        <\/div>\n\n            \t\t\t\t<\/div>\n\t\t\t\t<\/div>\n\t\t\t\t<\/div>\n\t\t\t\t<\/div>\n\t\t\t\t<\/div>\n\t\t","protected":false},"excerpt":{"rendered":"<p>Partnereink Az al\u00e1bbi list\u00e1ban megb\u00edzhat\u00f3 temetkez\u00e9si szolg\u00e1ltat\u00f3kat \u00e9s s\u00edrk\u0151k\u00e9sz\u00edt\u0151 m\u0171helyeket tal\u00e1lsz, akikn\u00e9l a MementoQR szolg\u00e1ltat\u00e1s is el\u00e9rhet\u0151. A lista c\u00e9lja, hogy k\u00f6nnyen megtal\u00e1ld a hozz\u00e1d legk\u00f6zelebbi szakembert, \u00e9s egy\u00fattal n\u00f6velj\u00fck partnereink l\u00e1that\u00f3s\u00e1g\u00e1t. S\u00edrk\u0151 k\u00e9sz\u00edt\u0151k B\u00e1lint &#8211; k\u0151 K\u0151farag\u00f3 m\u0171hely 3374 Dorm\u00e1nd D\u00f3zsa \u00fat 89 balint-ko.hu Temetkez\u00e9si v\u00e1llalkoz\u00f3k V\u00e1rjuk els\u0151 partnereinket Csatlakozz partnerk\u00e9nt A MementoQR c\u00e9lja, [&hellip;]<\/p>\n","protected":false},"author":1,"featured_media":0,"parent":0,"menu_order":0,"comment_status":"closed","ping_status":"closed","template":"elementor_header_footer","meta":{"_seopress_robots_primary_cat":"","_seopress_titles_title":"","_seopress_titles_desc":"","_seopress_robots_index":"","site-sidebar-layout":"no-sidebar","site-content-layout":"page-builder","ast-site-content-layout":"full-width-container","site-content-style":"default","site-sidebar-style":"default","ast-global-header-display":"","ast-banner-title-visibility":"","ast-main-header-display":"","ast-hfb-above-header-display":"","ast-hfb-below-header-display":"","ast-hfb-mobile-header-display":"","site-post-title":"","ast-breadcrumbs-content":"","ast-featured-img":"disabled","footer-sml-layout":"","theme-transparent-header-meta":"","adv-header-id-meta":"","stick-header-meta":"","header-above-stick-meta":"","header-main-stick-meta":"","header-below-stick-meta":"","astra-migrate-meta-layouts":"set","ast-page-background-enabled":"default","ast-page-background-meta":{"desktop":{"background-color":"var(--ast-global-color-4)","background-image":"","background-repeat":"repeat","background-position":"center center","background-size":"auto","background-attachment":"scroll","background-type":"","background-media":"","overlay-type":"","overlay-color":"","overlay-opacity":"","overlay-gradient":""},"tablet":{"background-color":"","background-image":"","background-repeat":"repeat","background-position":"center center","background-size":"auto","background-attachment":"scroll","background-type":"","background-media":"","overlay-type":"","overlay-color":"","overlay-opacity":"","overlay-gradient":""},"mobile":{"background-color":"","background-image":"","background-repeat":"repeat","background-position":"center center","background-size":"auto","background-attachment":"scroll","background-type":"","background-media":"","overlay-type":"","overlay-color":"","overlay-opacity":"","overlay-gradient":""}},"ast-content-background-meta":{"desktop":{"background-color":"var(--ast-global-color-5)","background-image":"","background-repeat":"repeat","background-position":"center center","background-size":"auto","background-attachment":"scroll","background-type":"","background-media":"","overlay-type":"","overlay-color":"","overlay-opacity":"","overlay-gradient":""},"tablet":{"background-color":"var(--ast-global-color-5)","background-image":"","background-repeat":"repeat","background-position":"center center","background-size":"auto","background-attachment":"scroll","background-type":"","background-media":"","overlay-type":"","overlay-color":"","overlay-opacity":"","overlay-gradient":""},"mobile":{"background-color":"var(--ast-global-color-5)","background-image":"","background-repeat":"repeat","background-position":"center center","background-size":"auto","background-attachment":"scroll","background-type":"","background-media":"","overlay-type":"","overlay-color":"","overlay-opacity":"","overlay-gradient":""}},"footnotes":""},"class_list":["post-7107","page","type-page","status-publish","hentry"],"jetpack_sharing_enabled":true,"_links":{"self":[{"href":"https:\/\/mementoqr.eu\/hu\/wp-json\/wp\/v2\/pages\/7107","targetHints":{"allow":["GET"]}}],"collection":[{"href":"https:\/\/mementoqr.eu\/hu\/wp-json\/wp\/v2\/pages"}],"about":[{"href":"https:\/\/mementoqr.eu\/hu\/wp-json\/wp\/v2\/types\/page"}],"author":[{"embeddable":true,"href":"https:\/\/mementoqr.eu\/hu\/wp-json\/wp\/v2\/users\/1"}],"replies":[{"embeddable":true,"href":"https:\/\/mementoqr.eu\/hu\/wp-json\/wp\/v2\/comments?post=7107"}],"version-history":[{"count":3,"href":"https:\/\/mementoqr.eu\/hu\/wp-json\/wp\/v2\/pages\/7107\/revisions"}],"predecessor-version":[{"id":7493,"href":"https:\/\/mementoqr.eu\/hu\/wp-json\/wp\/v2\/pages\/7107\/revisions\/7493"}],"wp:attachment":[{"href":"https:\/\/mementoqr.eu\/hu\/wp-json\/wp\/v2\/media?parent=7107"}],"curies":[{"name":"wp","href":"https:\/\/api.w.org\/{rel}","templated":true}]}}