{"id":1714,"date":"2025-01-06T21:18:19","date_gmt":"2025-01-06T19:18:19","guid":{"rendered":"https:\/\/mementoqr.eu\/?post_type=product&#038;p=1714"},"modified":"2025-05-29T13:35:17","modified_gmt":"2025-05-29T11:35:17","slug":"tortenet","status":"publish","type":"product","link":"https:\/\/mementoqr.eu\/hu\/termek\/tortenet\/","title":{"rendered":"T\u00f6rt\u00e9net (B\u0151v\u00edtett csomag)"},"content":{"rendered":"<p class=\"\" data-start=\"1128\" data-end=\"1431\">A T\u00f6rt\u00e9net csomag egy gazdagabb tartalm\u00fa digit\u00e1lis eml\u00e9koldalt k\u00edn\u00e1l, amelyben t\u00f6bb k\u00e9p \u00e9s b\u0151vebb sz\u00f6veg seg\u00edt visszaid\u00e9zni az egy\u00fctt t\u00f6lt\u00f6tt \u00e9veket. Aj\u00e1nljuk azoknak, akik r\u00e9szletesebb t\u00f6rt\u00e9netmes\u00e9l\u00e9sre v\u00e1gynak, \u00e9s szeretn\u00e9k t\u00f6bb oldalr\u00f3l bemutatni az eml\u00e9kez\u00e9sre m\u00e9lt\u00f3 szem\u00e9ly \u00e9let\u00fatj\u00e1t.<\/p>\n<p class=\"\" data-start=\"1433\" data-end=\"1728\"><strong data-start=\"1433\" data-end=\"1455\">A csomag tartalma:<\/strong><br data-start=\"1455\" data-end=\"1458\" \/>\u2013 Sablon alap\u00fa eml\u00e9koldal<br data-start=\"1483\" data-end=\"1486\" \/>\u2013 1 db bor\u00edt\u00f3k\u00e9p<br data-start=\"1502\" data-end=\"1505\" \/>\u2013 \u00c9lett\u00f6rt\u00e9net sz\u00f6veges form\u00e1ban<br \/>\n\u2013 Id\u0151vonal az \u00e9lete f\u0151bb esem\u00e9nyeir\u0151l<br \/>\n\u2013 Gal\u00e9ria (maximum 20 k\u00e9p felt\u00f6lt\u00e9se)<br data-start=\"1577\" data-end=\"1580\" \/>\u2013 Fizikai eml\u00e9kt\u00e1bla vagy matrica<br data-start=\"1650\" data-end=\"1653\" \/>\u2013 QR-k\u00f3d vagy NFC-chip<br data-start=\"1675\" data-end=\"1678\" \/>\u2013 Seg\u00edts\u00e9g a tartalom \u00f6ssze\u00e1ll\u00edt\u00e1s\u00e1ban, ha k\u00e9rik<\/p>\n","protected":false},"excerpt":{"rendered":"<p>A T\u00f6rt\u00e9net csomag egy gazdagabb tartalm\u00fa digit\u00e1lis eml\u00e9koldalt k\u00edn\u00e1l, amelyben t\u00f6bb k\u00e9p \u00e9s b\u0151vebb sz\u00f6veg seg\u00edt visszaid\u00e9zni az egy\u00fctt t\u00f6lt\u00f6tt \u00e9veket. Aj\u00e1nljuk azoknak, akik r\u00e9szletesebb t\u00f6rt\u00e9netmes\u00e9l\u00e9sre v\u00e1gynak, \u00e9s szeretn\u00e9k t\u00f6bb oldalr\u00f3l bemutatni az eml\u00e9kez\u00e9sre m\u00e9lt\u00f3 szem\u00e9ly \u00e9let\u00fatj\u00e1t. A csomag tartalma:\u2013 Sablon alap\u00fa eml\u00e9koldal\u2013 1 db bor\u00edt\u00f3k\u00e9p\u2013 \u00c9lett\u00f6rt\u00e9net sz\u00f6veges form\u00e1ban \u2013 Id\u0151vonal az \u00e9lete f\u0151bb esem\u00e9nyeir\u0151l [&hellip;]<\/p>\n","protected":false},"featured_media":5478,"template":"","meta":{"_seopress_robots_primary_cat":"none","_seopress_titles_title":"T\u00f6rt\u00e9net (B\u0151v\u00edtett csomag) - MementoQR","_seopress_titles_desc":"","_seopress_robots_index":"","site-sidebar-layout":"default","site-content-layout":"","ast-site-content-layout":"default","site-content-style":"default","site-sidebar-style":"default","ast-global-header-display":"","ast-banner-title-visibility":"","ast-main-header-display":"","ast-hfb-above-header-display":"","ast-hfb-below-header-display":"","ast-hfb-mobile-header-display":"","site-post-title":"","ast-breadcrumbs-content":"","ast-featured-img":"","footer-sml-layout":"","theme-transparent-header-meta":"default","adv-header-id-meta":"","stick-header-meta":"","header-above-stick-meta":"","header-main-stick-meta":"","header-below-stick-meta":"","astra-migrate-meta-layouts":"set","ast-page-background-enabled":"default","ast-page-background-meta":{"desktop":{"background-color":"var(--ast-global-color-4)","background-image":"","background-repeat":"repeat","background-position":"center center","background-size":"auto","background-attachment":"scroll","background-type":"","background-media":"","overlay-type":"","overlay-color":"","overlay-opacity":"","overlay-gradient":""},"tablet":{"background-color":"","background-image":"","background-repeat":"repeat","background-position":"center center","background-size":"auto","background-attachment":"scroll","background-type":"","background-media":"","overlay-type":"","overlay-color":"","overlay-opacity":"","overlay-gradient":""},"mobile":{"background-color":"","background-image":"","background-repeat":"repeat","background-position":"center center","background-size":"auto","background-attachment":"scroll","background-type":"","background-media":"","overlay-type":"","overlay-color":"","overlay-opacity":"","overlay-gradient":""}},"ast-content-background-meta":{"desktop":{"background-color":"var(--ast-global-color-5)","background-image":"","background-repeat":"repeat","background-position":"center center","background-size":"auto","background-attachment":"scroll","background-type":"","background-media":"","overlay-type":"","overlay-color":"","overlay-opacity":"","overlay-gradient":""},"tablet":{"background-color":"var(--ast-global-color-5)","background-image":"","background-repeat":"repeat","background-position":"center center","background-size":"auto","background-attachment":"scroll","background-type":"","background-media":"","overlay-type":"","overlay-color":"","overlay-opacity":"","overlay-gradient":""},"mobile":{"background-color":"var(--ast-global-color-5)","background-image":"","background-repeat":"repeat","background-position":"center center","background-size":"auto","background-attachment":"scroll","background-type":"","background-media":"","overlay-type":"","overlay-color":"","overlay-opacity":"","overlay-gradient":""}}},"product_brand":[],"product_cat":[20],"product_tag":[],"class_list":{"0":"post-1714","1":"product","2":"type-product","3":"status-publish","4":"has-post-thumbnail","6":"product_cat-termekek","7":"desktop-align-center","8":"tablet-align-center","9":"mobile-align-center","10":"tm-has-options","12":"first","13":"instock","14":"sale","15":"shipping-taxable","16":"purchasable","17":"product-type-simple"},"jetpack_sharing_enabled":true,"_links":{"self":[{"href":"https:\/\/mementoqr.eu\/hu\/wp-json\/wp\/v2\/product\/1714","targetHints":{"allow":["GET"]}}],"collection":[{"href":"https:\/\/mementoqr.eu\/hu\/wp-json\/wp\/v2\/product"}],"about":[{"href":"https:\/\/mementoqr.eu\/hu\/wp-json\/wp\/v2\/types\/product"}],"wp:featuredmedia":[{"embeddable":true,"href":"https:\/\/mementoqr.eu\/hu\/wp-json\/wp\/v2\/media\/5478"}],"wp:attachment":[{"href":"https:\/\/mementoqr.eu\/hu\/wp-json\/wp\/v2\/media?parent=1714"}],"wp:term":[{"taxonomy":"product_brand","embeddable":true,"href":"https:\/\/mementoqr.eu\/hu\/wp-json\/wp\/v2\/product_brand?post=1714"},{"taxonomy":"product_cat","embeddable":true,"href":"https:\/\/mementoqr.eu\/hu\/wp-json\/wp\/v2\/product_cat?post=1714"},{"taxonomy":"product_tag","embeddable":true,"href":"https:\/\/mementoqr.eu\/hu\/wp-json\/wp\/v2\/product_tag?post=1714"}],"curies":[{"name":"wp","href":"https:\/\/api.w.org\/{rel}","templated":true}]}}