{"id":1715,"date":"2025-01-06T21:20:01","date_gmt":"2025-01-06T19:20:01","guid":{"rendered":"https:\/\/mementoqr.eu\/?post_type=product&#038;p=1715"},"modified":"2025-10-02T22:07:20","modified_gmt":"2025-10-02T20:07:20","slug":"orok_emlek","status":"publish","type":"product","link":"https:\/\/mementoqr.eu\/hu\/termek\/orok_emlek\/","title":{"rendered":"\u00d6r\u00f6k eml\u00e9k (Pr\u00e9mium csomag)"},"content":{"rendered":"<p class=\"\" data-start=\"1852\" data-end=\"2233\">Az \u00d6r\u00f6k eml\u00e9k csomag a legteljesebb megold\u00e1s digit\u00e1lis megeml\u00e9kez\u00e9sre. Szem\u00e9lyre szabott eml\u00e9koldalt k\u00e9sz\u00edt\u00fcnk, amelybe t\u00f6bbek k\u00f6z\u00f6tt k\u00e9pek, \u00e9lett\u00f6rt\u00e9net, vide\u00f3, zene, hang\u00fczenetek \u00e9s ak\u00e1r csal\u00e1dfa is be\u00e9p\u00edthet\u0151. Ezt a csomagot azoknak aj\u00e1nljuk, akik egy igaz\u00e1n ig\u00e9nyes, gazdag eml\u00e9kez\u00e9si form\u00e1t szeretn\u00e9nek l\u00e9trehozni szeretteiknek \u2013 olyat, amely gener\u00e1ci\u00f3kon \u00e1t fennmarad.<\/p>\n<p class=\"\" data-start=\"2235\" data-end=\"2641\"><strong data-start=\"2235\" data-end=\"2257\">A csomag tartalma:<\/strong><br data-start=\"2257\" data-end=\"2260\" \/>\u2013 Szem\u00e9lyre szabott eml\u00e9koldal<br data-start=\"2287\" data-end=\"2290\" \/>\u2013 \u00c9lett\u00f6rt\u00e9net sz\u00f6veges form\u00e1ban<br data-start=\"2322\" data-end=\"2325\" \/>\u2013 Gal\u00e9ria (maximum 50 k\u00e9p felt\u00f6lt\u00e9se)<br data-start=\"2362\" data-end=\"2365\" \/>\u2013 Vide\u00f3, zene, hang\u00fczenet felt\u00f6lt\u00e9si lehet\u0151s\u00e9ge<br data-start=\"2453\" data-end=\"2456\" \/>\u2013 Fizikai eml\u00e9kt\u00e1bla vagy matrica<br data-start=\"2526\" data-end=\"2529\" \/>\u2013 QR-k\u00f3d vagy NFC-chip, vagy mindkett\u0151<br data-start=\"2567\" data-end=\"2570\" \/>\u2013 Konzult\u00e1ci\u00f3 \u00e9s teljes k\u00f6r\u0171 tartalom-el\u0151k\u00e9sz\u00edt\u00e9si seg\u00edts\u00e9g<\/p>\n","protected":false},"excerpt":{"rendered":"<p>Az \u00d6r\u00f6k eml\u00e9k csomag a legteljesebb megold\u00e1s digit\u00e1lis megeml\u00e9kez\u00e9sre. Szem\u00e9lyre szabott eml\u00e9koldalt k\u00e9sz\u00edt\u00fcnk, amelybe t\u00f6bbek k\u00f6z\u00f6tt k\u00e9pek, \u00e9lett\u00f6rt\u00e9net, vide\u00f3, zene, hang\u00fczenetek \u00e9s ak\u00e1r csal\u00e1dfa is be\u00e9p\u00edthet\u0151. Ezt a csomagot azoknak aj\u00e1nljuk, akik egy igaz\u00e1n ig\u00e9nyes, gazdag eml\u00e9kez\u00e9si form\u00e1t szeretn\u00e9nek l\u00e9trehozni szeretteiknek \u2013 olyat, amely gener\u00e1ci\u00f3kon \u00e1t fennmarad. A csomag tartalma:\u2013 Szem\u00e9lyre szabott eml\u00e9koldal\u2013 \u00c9lett\u00f6rt\u00e9net sz\u00f6veges [&hellip;]<\/p>\n","protected":false},"featured_media":5480,"template":"","meta":{"_seopress_robots_primary_cat":"none","_seopress_titles_title":"\u00d6r\u00f6k eml\u00e9k (Pr\u00e9mium csomag) - MementoQR","_seopress_titles_desc":"Teljesk\u00f6r\u0171 digit\u00e1lis eml\u00e9koldal \u2013 k\u00e9pek, hangok, vide\u00f3k, gener\u00e1ci\u00f3kon \u00e1t.","_seopress_robots_index":"","site-sidebar-layout":"default","site-content-layout":"","ast-site-content-layout":"default","site-content-style":"default","site-sidebar-style":"default","ast-global-header-display":"","ast-banner-title-visibility":"","ast-main-header-display":"","ast-hfb-above-header-display":"","ast-hfb-below-header-display":"","ast-hfb-mobile-header-display":"","site-post-title":"","ast-breadcrumbs-content":"","ast-featured-img":"","footer-sml-layout":"","theme-transparent-header-meta":"default","adv-header-id-meta":"","stick-header-meta":"","header-above-stick-meta":"","header-main-stick-meta":"","header-below-stick-meta":"","astra-migrate-meta-layouts":"set","ast-page-background-enabled":"default","ast-page-background-meta":{"desktop":{"background-color":"var(--ast-global-color-4)","background-image":"","background-repeat":"repeat","background-position":"center center","background-size":"auto","background-attachment":"scroll","background-type":"","background-media":"","overlay-type":"","overlay-color":"","overlay-opacity":"","overlay-gradient":""},"tablet":{"background-color":"","background-image":"","background-repeat":"repeat","background-position":"center center","background-size":"auto","background-attachment":"scroll","background-type":"","background-media":"","overlay-type":"","overlay-color":"","overlay-opacity":"","overlay-gradient":""},"mobile":{"background-color":"","background-image":"","background-repeat":"repeat","background-position":"center center","background-size":"auto","background-attachment":"scroll","background-type":"","background-media":"","overlay-type":"","overlay-color":"","overlay-opacity":"","overlay-gradient":""}},"ast-content-background-meta":{"desktop":{"background-color":"var(--ast-global-color-5)","background-image":"","background-repeat":"repeat","background-position":"center center","background-size":"auto","background-attachment":"scroll","background-type":"","background-media":"","overlay-type":"","overlay-color":"","overlay-opacity":"","overlay-gradient":""},"tablet":{"background-color":"var(--ast-global-color-5)","background-image":"","background-repeat":"repeat","background-position":"center center","background-size":"auto","background-attachment":"scroll","background-type":"","background-media":"","overlay-type":"","overlay-color":"","overlay-opacity":"","overlay-gradient":""},"mobile":{"background-color":"var(--ast-global-color-5)","background-image":"","background-repeat":"repeat","background-position":"center center","background-size":"auto","background-attachment":"scroll","background-type":"","background-media":"","overlay-type":"","overlay-color":"","overlay-opacity":"","overlay-gradient":""}}},"product_brand":[],"product_cat":[20],"product_tag":[],"class_list":{"0":"post-1715","1":"product","2":"type-product","3":"status-publish","4":"has-post-thumbnail","6":"product_cat-termekek","7":"desktop-align-center","8":"tablet-align-center","9":"mobile-align-center","10":"tm-has-options","12":"first","13":"instock","14":"sale","15":"shipping-taxable","16":"purchasable","17":"product-type-simple"},"jetpack_sharing_enabled":true,"_links":{"self":[{"href":"https:\/\/mementoqr.eu\/hu\/wp-json\/wp\/v2\/product\/1715","targetHints":{"allow":["GET"]}}],"collection":[{"href":"https:\/\/mementoqr.eu\/hu\/wp-json\/wp\/v2\/product"}],"about":[{"href":"https:\/\/mementoqr.eu\/hu\/wp-json\/wp\/v2\/types\/product"}],"wp:featuredmedia":[{"embeddable":true,"href":"https:\/\/mementoqr.eu\/hu\/wp-json\/wp\/v2\/media\/5480"}],"wp:attachment":[{"href":"https:\/\/mementoqr.eu\/hu\/wp-json\/wp\/v2\/media?parent=1715"}],"wp:term":[{"taxonomy":"product_brand","embeddable":true,"href":"https:\/\/mementoqr.eu\/hu\/wp-json\/wp\/v2\/product_brand?post=1715"},{"taxonomy":"product_cat","embeddable":true,"href":"https:\/\/mementoqr.eu\/hu\/wp-json\/wp\/v2\/product_cat?post=1715"},{"taxonomy":"product_tag","embeddable":true,"href":"https:\/\/mementoqr.eu\/hu\/wp-json\/wp\/v2\/product_tag?post=1715"}],"curies":[{"name":"wp","href":"https:\/\/api.w.org\/{rel}","templated":true}]}}